{"id":392,"date":"2015-01-22T15:00:13","date_gmt":"2015-01-22T17:00:13","guid":{"rendered":"https:\/\/editoralandmark.com.br\/v2.0\/?post_type=product&#038;p=392"},"modified":"2024-03-27T14:41:41","modified_gmt":"2024-03-27T17:41:41","slug":"o-crime-de-lorde-arthur-savile-e-outras-historias","status":"publish","type":"product","link":"https:\/\/editoralandmark.com.br\/v2.0\/produto\/o-crime-de-lorde-arthur-savile-e-outras-historias\/","title":{"rendered":"O CRIME DE LORDE ARTHUR SAVILE E OUTRAS HIST\u00d3RIAS"},"content":{"rendered":"<p>O conto principal dessa edi\u00e7\u00e3o \u00e9 O CRIME DE LORDE ARTHUR SAVILE, onde o protagonista \u00e9 apresentado por Lady Windermere ao Sr. R. Septimus Podgers, um quiromante, que l\u00ea sua m\u00e3o e lhe diz que est\u00e1 em seu futuro que ele ser\u00e1 um assassino. Lorde Arthur quer se casar, mas decide que n\u00e3o tem o direito de faz\u00ea-lo at\u00e9 que ele tenha cometido o assassinato.<\/p>\n<p>Durante a leitura, \u00e9 importante notar a rapidez dos di\u00e1logos, que evoluem texto a texto, num crescendo de complexidade e intensidade dram\u00e1ticas, alternado o estilo notadamente teatral, como o caso de O CRIME DE LORDE ARTHUR SAVILE, em que, por vezes, nos sentidos diante de uma representa\u00e7\u00e3o c\u00eanica, com atores entrando e saindo do palco conforme a deixa contida nas falas, com outro, mais liter\u00e1rio, em que um narrador conta-nos toda a hist\u00f3ria. Com rela\u00e7\u00e3o a esse texto, que fecha a colet\u00e2nea, o autor aborda o tema que, para ele, havia se tornado uma esp\u00e9cie de fixa\u00e7\u00e3o: o ser humano e seu duplo, o outro, a imagem refletida, captada, fixada num retrato. A imagem, nem sempre fiel ao que se espera dela, ou de si mesmo. A imagem, que adquire for\u00e7a e vida pr\u00f3pria, que passa a existir gra\u00e7as, ou apesar de, \u00e0quele que a originou.<\/p>\n<p>A presente edi\u00e7\u00e3o bil\u00edngue conta ainda com os melhores contos de Wilde, incluindo \u201cA Esfinge sem um Segredo\u201d, \u201cO Fantasma de Canterville\u201d e \u201cO Milion\u00e1rio Modelo\u201d<\/p>\n","protected":false},"excerpt":{"rendered":"<div class=\"col-sm-12 col-md-12 linha-livro\">\n<div class=\"col-sm-12 col-md-4 reducao-centro\">\n<p>AUTOR: <a href=\"https:\/\/editoralandmark.com.br\/v2.0\/2022\/02\/20\/oscar-wilde-1854-1900\/\">OSCAR WILDE<\/a><br \/>\nTRADU\u00c7\u00c3O E NOTAS:\u00a0LUCIANA SALGADO<br \/>\nADAPTA\u00c7\u00c3O:\u00a0F\u00c1BIO PEDRO-CYRINO<br \/>\nILUSTRADOR:\u00a0***************<br \/>\nIDIOMA: PORTUGU\u00caS-INGL\u00caS<br \/>\nLAN\u00c7AMENTO: 01\/2015<br \/>\nACABAMENTO:\u00a0E-PUB<br \/>\nFORMATO:\u00a016CM X 23CM<br \/>\nP\u00c1GINAS: 174<br \/>\nPESO:\u00a00 G<br \/>\nISBN DIGITAL: 9788588781511<\/p>\n<\/div>\n<\/div>\n","protected":false},"featured_media":393,"template":"","meta":[],"product_brand":[],"product_cat":[19,21,30,33,36],"product_tag":[],"class_list":{"0":"post-392","1":"product","2":"type-product","3":"status-publish","4":"has-post-thumbnail","6":"product_cat-contos","7":"product_cat-edicao-bilingue","8":"product_cat-literatura-inglesa","9":"product_cat-livro-digital","10":"product_cat-romance","11":"product_shipping_class-correios","12":"description-off","14":"first","15":"instock","16":"virtual","17":"purchasable","18":"product-type-simple"},"aioseo_notices":[],"_links":{"self":[{"href":"https:\/\/editoralandmark.com.br\/v2.0\/wp-json\/wp\/v2\/product\/392","targetHints":{"allow":["GET"]}}],"collection":[{"href":"https:\/\/editoralandmark.com.br\/v2.0\/wp-json\/wp\/v2\/product"}],"about":[{"href":"https:\/\/editoralandmark.com.br\/v2.0\/wp-json\/wp\/v2\/types\/product"}],"wp:featuredmedia":[{"embeddable":true,"href":"https:\/\/editoralandmark.com.br\/v2.0\/wp-json\/wp\/v2\/media\/393"}],"wp:attachment":[{"href":"https:\/\/editoralandmark.com.br\/v2.0\/wp-json\/wp\/v2\/media?parent=392"}],"wp:term":[{"taxonomy":"product_brand","embeddable":true,"href":"https:\/\/editoralandmark.com.br\/v2.0\/wp-json\/wp\/v2\/product_brand?post=392"},{"taxonomy":"product_cat","embeddable":true,"href":"https:\/\/editoralandmark.com.br\/v2.0\/wp-json\/wp\/v2\/product_cat?post=392"},{"taxonomy":"product_tag","embeddable":true,"href":"https:\/\/editoralandmark.com.br\/v2.0\/wp-json\/wp\/v2\/product_tag?post=392"}],"curies":[{"name":"wp","href":"https:\/\/api.w.org\/{rel}","templated":true}]}}