{"id":396,"date":"2011-01-22T15:13:01","date_gmt":"2011-01-22T17:13:01","guid":{"rendered":"https:\/\/editoralandmark.com.br\/v2.0\/?post_type=product&#038;p=396"},"modified":"2024-03-27T14:42:20","modified_gmt":"2024-03-27T17:42:20","slug":"o-episodio-do-graf-spee-a-batalha-final-e-salvamento","status":"publish","type":"product","link":"https:\/\/editoralandmark.com.br\/v2.0\/produto\/o-episodio-do-graf-spee-a-batalha-final-e-salvamento\/","title":{"rendered":"O EPIS\u00d3DIO DO GRAF SPEE: A BATALHA FINAL E SALVAMENTO"},"content":{"rendered":"<p style=\"text-align: justify;\">O encoura\u00e7ado alem\u00e3o &#8220;Admiral Graf Spee&#8221; foi uma das pe\u00e7as chaves em uma das primeiras batalhas mar\u00edtimas no Atl\u00e2ntico Sul entre as for\u00e7as da Alemanha nazista e as for\u00e7as aliadas nos primeiros meses de conflitos da Segunda Guerra Mundial. O \u201cGraf Spee\u201d foi um dos mais tem\u00edveis encoura\u00e7ados da esquadra alem\u00e3 e que causou p\u00e2nico \u00e0s v\u00e9speras da Segunda Guerra Mundial no Oceano Atl\u00e2ntico, ao atacar os navios de carga que transportavam suprimentos para as for\u00e7as aliadas. O navio chegou a travar uma batalha com navios brit\u00e2nicos: os contratorpedeiros \u201cAjax\u201d, \u201cAchilles\u201d e \u201cExeter\u201d. O capit\u00e3o Hans Langsdorff Wilhelm poderia afundar tr\u00eas cruzadores brit\u00e2nicos e, ao inv\u00e9s de persegui-los quando eles eram presas f\u00e1ceis, veio para Montevid\u00e9u, tentando reparar os danos sofridos, tarefa estimada para duas semanas.<\/p>\n<p style=\"text-align: justify;\">Ainda hoje, \u00e9 um mist\u00e9rio o porqu\u00ea desta manobra.<\/p>\n<p style=\"text-align: justify;\">Desde a Batalha do rio da Prata, onde o navio se encontrou com os navios mercantes brit\u00e2nicos, at\u00e9 o suic\u00eddio de Langsdorff, ap\u00f3s a infeliz decis\u00e3o de escolher Montevid\u00e9u como um porto de reparos, passando pelos movimentos diplom\u00e1ticos e de intelig\u00eancia brit\u00e2nicos e alem\u00e3es, os eventos em torno do \u201cGraf Spee\u201d est\u00e3o repletos de lendas e mist\u00e9rios.<\/p>\n<p style=\"text-align: justify;\">Nesta brilhante obra de pesquisa, o Doutor em Antropologia Social e Cultural pela Universidad de Barcelona, Espanha e Mestre em Sociologia pela Facultad de Ciencias Sociales da Universidad de la Rep\u00fablica Oriental del Uruguay, Fernando Klein, apresenta uma ampla exposi\u00e7\u00e3o de fatos, dados e imagens relatando a origem, os trabalhos e a\u00e7\u00f5es empreendidas pelo encoura\u00e7ado alem\u00e3o e sua batalha final contra as for\u00e7as brit\u00e2nicas, at\u00e9 o seu derradeiro destino nas \u00e1guas do rio da Prata em dezembro de 1939.<\/p>\n","protected":false},"excerpt":{"rendered":"<div class=\"col-sm-12 col-md-12 linha-livro\">\n<div class=\"col-sm-12 col-md-4 reducao-centro\"><span class=\"titulo-descritor\">AUTOR: <\/span><a href=\"https:\/\/editoralandmark.com.br\/v2.0\/2022\/02\/20\/fernando-klein\/\"><span class=\"descritor-livro\">FERNANDO KLEIN<\/span><\/a><\/div>\n<\/div>\n<div class=\"col-sm-12 col-md-12 linha-livro\">\n<div class=\"col-sm-12 col-md-4 reducao-centro\"><span class=\"titulo-descritor\">TRADU\u00c7\u00c3O E NOTAS:\u00a0 <\/span><span class=\"descritor-livro\">TONY FIGUEIRA<\/span><\/div>\n<\/div>\n<div class=\"col-sm-12 col-md-12 linha-livro\">\n<div class=\"col-sm-12 col-md-4 reducao-centro\"><span class=\"titulo-descritor\">ADAPTA\u00c7\u00c3O: <\/span><span class=\"descritor-livro\">***************<\/span><\/div>\n<\/div>\n<div class=\"col-sm-12 col-md-12 linha-livro\">\n<div class=\"col-sm-12 col-md-4 reducao-centro\"><span class=\"titulo-descritor\">ILUSTRADOR: <\/span><span class=\"descritor-livro\">F\u00c1BIO PEDRO CYRINO<\/span><\/div>\n<\/div>\n<div class=\"col-sm-12 col-md-12 linha-livro\">\n<div class=\"col-sm-12 col-md-4 reducao-centro\"><span class=\"titulo-descritor\">IDIOMA: <\/span><span class=\"descritor-livro\">PORTUGU\u00caS<\/span><\/div>\n<\/div>\n<div class=\"col-sm-12 col-md-12 linha-livro\">\n<div class=\"col-sm-12 col-md-4 reducao-centro\"><span class=\"titulo-descritor\">LAN\u00c7AMENTO: <\/span><span class=\"descritor-livro\">02\/2011<\/span><\/div>\n<\/div>\n<div class=\"col-sm-12 col-md-12 linha-livro\">\n<div class=\"col-sm-12 col-md-4 reducao-centro\"><span class=\"titulo-descritor\">ACABAMENTO: <\/span><span class=\"descritor-livro\">EPUB<\/span><\/div>\n<\/div>\n<div class=\"col-sm-12 col-md-12 linha-livro\">\n<div class=\"col-sm-12 col-md-4 reducao-centro\"><span class=\"titulo-descritor\">FORMATO: <\/span><span class=\"descritor-livro\">14CM X 21CM<\/span><\/div>\n<\/div>\n<div class=\"col-sm-12 col-md-12 linha-livro\">\n<div class=\"col-sm-12 col-md-4 reducao-centro\"><span class=\"titulo-descritor\">P\u00c1GINAS: <\/span><span class=\"descritor-livro\">192<\/span><\/div>\n<\/div>\n<div class=\"col-sm-12 col-md-12 linha-livro\">\n<div class=\"col-sm-12 col-md-4 reducao-centro\"><span class=\"titulo-descritor\">PESO: <\/span><span class=\"descritor-livro\">0 G<\/span><\/div>\n<\/div>\n<div class=\"col-sm-12 col-md-12 linha-livro\">\n<div class=\"col-sm-12 col-md-4 reducao-centro\"><span class=\"titulo-descritor\">ISBN DIGITAL: <\/span><span class=\"descritor-livro\">9788563718020<\/span><\/div>\n<\/div>\n","protected":false},"featured_media":397,"template":"","meta":[],"product_brand":[],"product_cat":[22,33],"product_tag":[],"class_list":{"0":"post-396","1":"product","2":"type-product","3":"status-publish","4":"has-post-thumbnail","6":"product_cat-ensaios","7":"product_cat-livro-digital","8":"product_shipping_class-correios","9":"description-off","11":"first","12":"instock","13":"virtual","14":"purchasable","15":"product-type-simple"},"aioseo_notices":[],"_links":{"self":[{"href":"https:\/\/editoralandmark.com.br\/v2.0\/wp-json\/wp\/v2\/product\/396","targetHints":{"allow":["GET"]}}],"collection":[{"href":"https:\/\/editoralandmark.com.br\/v2.0\/wp-json\/wp\/v2\/product"}],"about":[{"href":"https:\/\/editoralandmark.com.br\/v2.0\/wp-json\/wp\/v2\/types\/product"}],"wp:featuredmedia":[{"embeddable":true,"href":"https:\/\/editoralandmark.com.br\/v2.0\/wp-json\/wp\/v2\/media\/397"}],"wp:attachment":[{"href":"https:\/\/editoralandmark.com.br\/v2.0\/wp-json\/wp\/v2\/media?parent=396"}],"wp:term":[{"taxonomy":"product_brand","embeddable":true,"href":"https:\/\/editoralandmark.com.br\/v2.0\/wp-json\/wp\/v2\/product_brand?post=396"},{"taxonomy":"product_cat","embeddable":true,"href":"https:\/\/editoralandmark.com.br\/v2.0\/wp-json\/wp\/v2\/product_cat?post=396"},{"taxonomy":"product_tag","embeddable":true,"href":"https:\/\/editoralandmark.com.br\/v2.0\/wp-json\/wp\/v2\/product_tag?post=396"}],"curies":[{"name":"wp","href":"https:\/\/api.w.org\/{rel}","templated":true}]}}