{"id":400,"date":"2010-11-11T15:19:56","date_gmt":"2010-11-11T17:19:56","guid":{"rendered":"https:\/\/editoralandmark.com.br\/v2.0\/?post_type=product&#038;p=400"},"modified":"2024-03-27T14:42:21","modified_gmt":"2024-03-27T17:42:21","slug":"cafe-ferro-e-argila","status":"publish","type":"product","link":"https:\/\/editoralandmark.com.br\/v2.0\/produto\/cafe-ferro-e-argila\/","title":{"rendered":"CAF\u00c9, FERRO E ARGILA"},"content":{"rendered":"<p style=\"text-align: justify;\">CAF\u00c9, FERRO E ARGILA analisa com propriedade esses aspectos e traz \u00e0 luz, a partir de documenta\u00e7\u00e3o at\u00e9 agora pouco conhecida, entre outros aspectos relevantes, e completado com a reprodu\u00e7\u00e3o de importantes documentos administrativos e t\u00e9cnicos da companhia esclarecendo as diretrizes adotadas por seus dirigentes para a implanta\u00e7\u00e3o da linha f\u00e9rrea e outros fatos fundamentais para a compreens\u00e3o do desenvolvimento das obras de constru\u00e7\u00e3o da linha e das constru\u00e7\u00f5es que lhe complementavam o funcionamento. Essa sele\u00e7\u00e3o proporciona aos leitores em geral e aos estudiosos do tema, ao lado do pr\u00f3prio texto principal, material para o desenvolvimento da continuidade dos estudos sobre a ferrovia.<\/p>\n<p style=\"text-align: justify;\">CAF\u00c9, FERRO E ARGILA contribui com um amplo espectro de informa\u00e7\u00f5es e an\u00e1lises. \u00c9 produto da conjun\u00e7\u00e3o das v\u00e1rias formas de estudo do ambiente constru\u00eddo preconizado pela Faculdade de Arquitetura e Urbanismo da USP. De fato, confronta an\u00e1lises relativas a Hist\u00f3ria da T\u00e9cnica e Hist\u00f3ria da Arquitetura, Economia e organiza\u00e7\u00e3o empresarial, Engenharia e Arquitetura Ferrovi\u00e1rias. Esta formula\u00e7\u00e3o interdisciplinar talvez seja uma das maiores contribui\u00e7\u00f5es do presente trabalho, mas n\u00e3o podemos desconhecer aspectos muito importantes analisados pelo autor.<\/p>\n<p style=\"text-align: justify;\">CAF\u00c9, FERRO E ARGILA inicialmente discute a forma\u00e7\u00e3o das ferrovias brit\u00e2nicas, que seriam o modelo para a implanta\u00e7\u00e3o de ferrovias no Brasil, em especial a linha ligando S\u00e3o Paulo a Jundia\u00ed. As constru\u00e7\u00f5es e os equipamentos ferrovi\u00e1rios desenvolvidos na Gr\u00e3-Bretanha ser\u00e3o encontrados posteriormente na linha constru\u00edda na Serra do Mar possibilitando a amortiza\u00e7\u00e3o dos investimentos no desenvolvimento da tecnologia e a base industrial da metr\u00f3pole. A discuss\u00e3o das manifesta\u00e7\u00f5es de interesse na implanta\u00e7\u00e3o de ferrovias no Brasil por parte de grupos de empres\u00e1rios e os primeiros investimentos efetivamente concretizados tornam claro o contraste com a consist\u00eancia do empreendimento da &#8220;Ingleza&#8221;, em termos de retaguarda financeira, organiza\u00e7\u00e3o administrativa e avan\u00e7o tecnol\u00f3gico. Os benef\u00edcios proporcionados pela pioneira linha entre o Porto de Santos e Jundia\u00ed e, posteriormente, pela continuidade da rede f\u00e9rrea em dire\u00e7\u00e3o \u00e0s regi\u00f5es agr\u00edcolas de S\u00e3o Paulo s\u00e3o bem conhecidos, mas seu entendimento poder\u00e1 ser alcan\u00e7ado, com maior acuidade, a partir da presente obra. A an\u00e1lise das esta\u00e7\u00f5es da linha, uma vez estabelecida a tipologia que as caracteriza, bem como dos diversos edif\u00edcios destinados a outras fun\u00e7\u00f5es vinculadas \u00e0 linha, proporciona um quadro da sua arquitetura e o reconhecimento de t\u00e9cnicas construtivas que ser\u00e3o incorporadas \u00e0 arquitetura paulista.<\/p>\n","protected":false},"excerpt":{"rendered":"<p>AUTOR &#8211; <a title=\"F\u00e1bio Pedro-Cyrino\" href=\"https:\/\/editoralandmark.com.br\/v2.0\/2022\/01\/22\/fabio-pedro-cyrino\/\" target=\"_blank\" rel=\"noopener\">F\u00c1BIO PEDRO-CYRINO<\/a><br \/>\nTRADU\u00c7\u00c3O E NOTAS: ***************<br \/>\nADAPTA\u00c7\u00c3O: ***************<br \/>\nILUSTRADOR: ***************<br \/>\nIDIOMA: PORTUGU\u00caS<br \/>\nLAN\u00c7AMENTO: 12\/2010<br \/>\nACABAMENTO: EPUB<br \/>\nFORMATO: 16CM X 16CM<br \/>\nP\u00c1GINAS: 256<br \/>\nPESO: 0 G<br \/>\nISBN: 9788588781177<br \/>\nISBN DIGITAL: 9788588781757<\/p>\n","protected":false},"featured_media":401,"template":"","meta":[],"product_brand":[],"product_cat":[16,22,26,33,34],"product_tag":[],"class_list":{"0":"post-400","1":"product","2":"type-product","3":"status-publish","4":"has-post-thumbnail","6":"product_cat-livros","7":"product_cat-ensaios","8":"product_cat-literatura-brasileira","9":"product_cat-livro-digital","10":"product_cat-nao-ficcao","11":"product_shipping_class-correios","12":"description-off","14":"first","15":"instock","16":"virtual","17":"purchasable","18":"product-type-simple"},"aioseo_notices":[],"_links":{"self":[{"href":"https:\/\/editoralandmark.com.br\/v2.0\/wp-json\/wp\/v2\/product\/400","targetHints":{"allow":["GET"]}}],"collection":[{"href":"https:\/\/editoralandmark.com.br\/v2.0\/wp-json\/wp\/v2\/product"}],"about":[{"href":"https:\/\/editoralandmark.com.br\/v2.0\/wp-json\/wp\/v2\/types\/product"}],"wp:featuredmedia":[{"embeddable":true,"href":"https:\/\/editoralandmark.com.br\/v2.0\/wp-json\/wp\/v2\/media\/401"}],"wp:attachment":[{"href":"https:\/\/editoralandmark.com.br\/v2.0\/wp-json\/wp\/v2\/media?parent=400"}],"wp:term":[{"taxonomy":"product_brand","embeddable":true,"href":"https:\/\/editoralandmark.com.br\/v2.0\/wp-json\/wp\/v2\/product_brand?post=400"},{"taxonomy":"product_cat","embeddable":true,"href":"https:\/\/editoralandmark.com.br\/v2.0\/wp-json\/wp\/v2\/product_cat?post=400"},{"taxonomy":"product_tag","embeddable":true,"href":"https:\/\/editoralandmark.com.br\/v2.0\/wp-json\/wp\/v2\/product_tag?post=400"}],"curies":[{"name":"wp","href":"https:\/\/api.w.org\/{rel}","templated":true}]}}