{"id":403,"date":"2010-01-22T15:22:51","date_gmt":"2010-01-22T17:22:51","guid":{"rendered":"https:\/\/editoralandmark.com.br\/v2.0\/?post_type=product&#038;p=403"},"modified":"2024-03-27T14:42:21","modified_gmt":"2024-03-27T17:42:21","slug":"maconaria-e-astrologia-3a-edicao-revisada","status":"publish","type":"product","link":"https:\/\/editoralandmark.com.br\/v2.0\/produto\/maconaria-e-astrologia-3a-edicao-revisada\/","title":{"rendered":"MA\u00c7ONARIA E ASTROLOGIA &#8211; 3\u00aa EDI\u00c7\u00c3O REVISADA"},"content":{"rendered":"<p style=\"text-align: justify;\">Atrav\u00e9s de uma an\u00e1lise ampla, tanto do desenvolvimento da Astrologia ao longo da Hist\u00f3ria com a apresenta\u00e7\u00e3o das defini\u00e7\u00f5es dadas a ela pelos povos da Antiguidade quanto da Ma\u00e7onaria Moderna e a sua evolu\u00e7\u00e3o desde as corpora\u00e7\u00f5es de of\u00edcio da Idade M\u00e9dia, Jos\u00e9 Castellani, um dos mais importantes pesquisadores ma\u00e7\u00f4nicos brasileiros nos apresenta a correta correla\u00e7\u00e3o entre estas duas importantes institui\u00e7\u00f5es em MA\u00c7ONARIA E ASTROLOGIA<strong><em>.<\/em><\/strong><\/p>\n<p style=\"text-align: justify;\">Com abordagens precisas, o autor tra\u00e7a qual a aplica\u00e7\u00e3o da Astrologia em todos os seus ramos dentro da simbologia, das lendas e da estrutura da Ma\u00e7onaria Moderna, apresentando-nos uma vis\u00e3o apurada do importante papel na forma\u00e7\u00e3o e no aperfei\u00e7oamento de seus membros, atrav\u00e9s da simbologia \u00fanica da Astrologia.\u00a0O estudo das implica\u00e7\u00f5es astrol\u00f3gicas nas lendas, s\u00edmbolos e alegorias ma\u00e7\u00f4nicas n\u00e3o \u00e9 esot\u00e9rico, na medida em que n\u00e3o aborda temas restritos aos iniciados, mas \u00e9 exot\u00e9rico, quando prop\u00f5e, \u00e0s pessoas, em geral, uma vis\u00e3o vinda do \u201cEu\u201d interior, uma vis\u00e3o espiritual da doutrina ma\u00e7\u00f4nica, em rela\u00e7\u00e3o a um ramo do conhecimento humano, existente desde os prim\u00f3rdios da Civiliza\u00e7\u00e3o e que, independentemente da explora\u00e7\u00e3o que tem sofrido por parte de aproveitadores, como se fosse obra de saltimbancos, tem tido, desde a Idade M\u00e9dia, a considera\u00e7\u00e3o de muitas comunidades cient\u00edficas.<\/p>\n<p style=\"text-align: justify;\">A Ma\u00e7onaria moderna, que evoluiu a partir das organiza\u00e7\u00f5es medievais de of\u00edcio, embora tivesse, no seu in\u00edcio, apenas certo misticismo religioso, come\u00e7ou, a partir do S\u00e9culo XVIII, a desenvolver conceitos e s\u00edmbolos de institui\u00e7\u00f5es m\u00edsticas, que haviam florescido mais a partir do final da Idade M\u00e9dia, como \u00e9 o caso da Astrologia, do Rosacrucianismo e da Alquimia Oculta. Ela \u00e9 uma institui\u00e7\u00e3o exot\u00e9rica e operativa, esot\u00e9rica e especulativa, embora o sentido da palavra esoterismo tenha sido alterado, atrav\u00e9s dos tempos.<\/p>\n","protected":false},"excerpt":{"rendered":"<p>AUTOR &#8211;\u00a0<a title=\"Jos\u00e9 Castellani \u2013 (1937-2004)\" href=\"https:\/\/editoralandmark.com.br\/v2.0\/2022\/01\/22\/jose-castellani-1937-2004\/\" target=\"_blank\" rel=\"noopener\">JOS\u00c9 CASTELLANI<\/a><br \/>\nTRADU\u00c7\u00c3O E NOTAS: ***************<br \/>\nADAPTA\u00c7\u00c3O: ***************<br \/>\nILUSTRADOR: ***************<br \/>\nIDIOMA: PORTUGU\u00caS<br \/>\nLAN\u00c7AMENTO: 01\/2010<br \/>\nACABAMENTO: BROCHURA<br \/>\nFORMATO: 16CM X 23CM<br \/>\nP\u00c1GINAS: 128<br \/>\nPESO: 232 G<br \/>\nISBN: 9788588781399<\/p>\n","protected":false},"featured_media":404,"template":"","meta":[],"product_brand":[],"product_cat":[22,26],"product_tag":[],"class_list":{"0":"post-403","1":"product","2":"type-product","3":"status-publish","4":"has-post-thumbnail","6":"product_cat-ensaios","7":"product_cat-literatura-brasileira","8":"product_shipping_class-correios","9":"description-off","11":"first","12":"outofstock","13":"shipping-taxable","14":"product-type-simple"},"aioseo_notices":[],"_links":{"self":[{"href":"https:\/\/editoralandmark.com.br\/v2.0\/wp-json\/wp\/v2\/product\/403","targetHints":{"allow":["GET"]}}],"collection":[{"href":"https:\/\/editoralandmark.com.br\/v2.0\/wp-json\/wp\/v2\/product"}],"about":[{"href":"https:\/\/editoralandmark.com.br\/v2.0\/wp-json\/wp\/v2\/types\/product"}],"wp:featuredmedia":[{"embeddable":true,"href":"https:\/\/editoralandmark.com.br\/v2.0\/wp-json\/wp\/v2\/media\/404"}],"wp:attachment":[{"href":"https:\/\/editoralandmark.com.br\/v2.0\/wp-json\/wp\/v2\/media?parent=403"}],"wp:term":[{"taxonomy":"product_brand","embeddable":true,"href":"https:\/\/editoralandmark.com.br\/v2.0\/wp-json\/wp\/v2\/product_brand?post=403"},{"taxonomy":"product_cat","embeddable":true,"href":"https:\/\/editoralandmark.com.br\/v2.0\/wp-json\/wp\/v2\/product_cat?post=403"},{"taxonomy":"product_tag","embeddable":true,"href":"https:\/\/editoralandmark.com.br\/v2.0\/wp-json\/wp\/v2\/product_tag?post=403"}],"curies":[{"name":"wp","href":"https:\/\/api.w.org\/{rel}","templated":true}]}}