{"id":405,"date":"2004-11-22T15:24:13","date_gmt":"2004-11-22T17:24:13","guid":{"rendered":"https:\/\/editoralandmark.com.br\/v2.0\/?post_type=product&#038;p=405"},"modified":"2024-03-27T14:42:22","modified_gmt":"2024-03-27T17:42:22","slug":"musica-popular-e-moderna-poesia-brasileira","status":"publish","type":"product","link":"https:\/\/editoralandmark.com.br\/v2.0\/produto\/musica-popular-e-moderna-poesia-brasileira\/","title":{"rendered":"M\u00daSICA POPULAR E MODERNA POESIA BRASILEIRA"},"content":{"rendered":"<p style=\"text-align: justify;\">Desde seu lan\u00e7ado em 1976, M\u00daSICA POPULAR E MODERNA POESIA BRASILEIRA serviu de base para in\u00fameras teses e pesquisas, suprindo uma lacuna te\u00f3rica e pr\u00e1tica. Gra\u00e7as ao seu estilo did\u00e1tico, tornaram-se mais n\u00edtidas as fecundas rela\u00e7\u00f5es entre a poesia liter\u00e1ria e a poesia da m\u00fasica popular brasileira e Affonso Romano de Sant\u2019Anna afirmava que o objetivo era o de fornecer, tanto a alunos e professores, quanto a compositores e letristas, uma introdu\u00e7\u00e3o \u00e0 poesia moderna brasileira e suas rela\u00e7\u00f5es com a m\u00fasica popular, e assinalava que este n\u00e3o era um livro de \u201chist\u00f3ria\u201d no sentido convencional, mas destinava-se a ser uma introdu\u00e7\u00e3o pedag\u00f3gica ao assunto. Desde ent\u00e3o se passaram quase trinta anos, M\u00daSICA POPULAR E MODERNA POESIA BRASILEIRA teve v\u00e1rias edi\u00e7\u00f5es, foi adotado, serviu de base para pesquisas e teses.<\/p>\n<p style=\"text-align: justify;\">O Autor, em M\u00daSICA POPULAR E MODERNA POESIA BRASILEIRA, recoloca \u00e0 disposi\u00e7\u00e3o dos interessados uma s\u00e9rie de informa\u00e7\u00f5es e t\u00f3picos comuns aos campos da cultura brasileira. Aqui o leitor encontrar\u00e1, por exemplo, uma minuta did\u00e1tica dos principais movimentos po\u00e9ticos que marcaram nossa literatura no s\u00e9culo XX, mas encontrar\u00e1 tamb\u00e9m um paralelo entre a produ\u00e7\u00e3o de um Noel Rosa e a dos nossos modernistas como Drummond e Oswald de Andrade; entre as composi\u00e7\u00f5es de Ary Barroso e o ufanismo da ditadura de Get\u00falio Vargas; entre a Gera\u00e7\u00e3o de 45, na poesia, e os tangos e boleros dos anos 1940 e 1950; entre a inovadora Bossa Nova e o governo de JK; entre a poesia de protesto e a repress\u00e3o em torno de 1964. Tamb\u00e9m encontrar\u00e1 aqui um dos primeiros ensaios esclarecedores do significado do Tropicalismo, escrito na \u00e9poca em que o movimento surgiu e n\u00e3o era ainda assunto universit\u00e1rio.<\/p>\n","protected":false},"excerpt":{"rendered":"<p>AUTOR: <a title=\"Affonso Romano de Sant\u2019Anna\" href=\"https:\/\/editoralandmark.com.br\/v2.0\/2022\/01\/22\/affonso-romano-de-sant-anna\/\">AFFONSO ROMANO DE SANT ANNA<\/a><br \/>\nTRADU\u00c7\u00c3O E NOTAS: ***************<br \/>\nADAPTA\u00c7\u00c3O: ***************<br \/>\nILUSTRADOR: ***************<br \/>\nIDIOMA &#8211;\u00a0PORTUGU\u00caS<br \/>\nLAN\u00c7AMENTO: 11\/2004<br \/>\nACABAMENTO: BROCHURA<br \/>\nFORMATO: 16CM X 23CM<br \/>\nP\u00c1GINAS: 224<br \/>\nPESO: 232 G<br \/>\nISBN: 9788588781153<\/p>\n","protected":false},"featured_media":406,"template":"","meta":[],"product_brand":[],"product_cat":[22,26,34],"product_tag":[],"class_list":{"0":"post-405","1":"product","2":"type-product","3":"status-publish","4":"has-post-thumbnail","6":"product_cat-ensaios","7":"product_cat-literatura-brasileira","8":"product_cat-nao-ficcao","9":"product_shipping_class-correios","10":"description-off","12":"first","13":"outofstock","14":"shipping-taxable","15":"product-type-simple"},"aioseo_notices":[],"_links":{"self":[{"href":"https:\/\/editoralandmark.com.br\/v2.0\/wp-json\/wp\/v2\/product\/405","targetHints":{"allow":["GET"]}}],"collection":[{"href":"https:\/\/editoralandmark.com.br\/v2.0\/wp-json\/wp\/v2\/product"}],"about":[{"href":"https:\/\/editoralandmark.com.br\/v2.0\/wp-json\/wp\/v2\/types\/product"}],"wp:featuredmedia":[{"embeddable":true,"href":"https:\/\/editoralandmark.com.br\/v2.0\/wp-json\/wp\/v2\/media\/406"}],"wp:attachment":[{"href":"https:\/\/editoralandmark.com.br\/v2.0\/wp-json\/wp\/v2\/media?parent=405"}],"wp:term":[{"taxonomy":"product_brand","embeddable":true,"href":"https:\/\/editoralandmark.com.br\/v2.0\/wp-json\/wp\/v2\/product_brand?post=405"},{"taxonomy":"product_cat","embeddable":true,"href":"https:\/\/editoralandmark.com.br\/v2.0\/wp-json\/wp\/v2\/product_cat?post=405"},{"taxonomy":"product_tag","embeddable":true,"href":"https:\/\/editoralandmark.com.br\/v2.0\/wp-json\/wp\/v2\/product_tag?post=405"}],"curies":[{"name":"wp","href":"https:\/\/api.w.org\/{rel}","templated":true}]}}