{"id":422,"date":"2012-10-19T14:07:42","date_gmt":"2012-10-19T17:07:42","guid":{"rendered":"https:\/\/editoralandmark.com.br\/v2.0\/?post_type=product&#038;p=422"},"modified":"2024-03-27T14:42:19","modified_gmt":"2024-03-27T17:42:19","slug":"sementes-da-razao","status":"publish","type":"product","link":"https:\/\/editoralandmark.com.br\/v2.0\/produto\/sementes-da-razao\/","title":{"rendered":"SEMENTES DA RAZ\u00c3O"},"content":{"rendered":"<p>[vc_row][vc_column][vc_column_text]<\/p>\n<p style=\"text-align: justify;\">No cen\u00e1rio hist\u00f3rico da Fran\u00e7a do s\u00e9culo XIII, personagens reais e fict\u00edcios t\u00eam as suas vidas entrela\u00e7adas na dif\u00edcil tarefa de tentarem edificar um templo para o sagrado, um templo digno de ser a morada de Deus na terra. Em uma sociedade de lutas e atribula\u00e7\u00f5es, de crises e de f\u00e9, que na cidade real de Reims, um grupo de artes\u00e3os e de artistas livres, libertos do estado de pobreza e serventia, tem que lutar para manter acesa a chama viva dos seus ideais e das suas conquistas.<\/p>\n<p style=\"text-align: justify;\">\u00c9 em Reims, a cidade das coroa\u00e7\u00f5es, onde crist\u00e3os, judeus e mu\u00e7ulmanos convivem, que nasce um dos maiores templos da Cristandade e onde a hist\u00f3ria de SEMENTES DA RAZ\u00c3O \u00e9 ambientada, mas este n\u00e3o \u00e9 um livro simplesmente para ser lido, para descobri-lo inteiramente \u00e9 necess\u00e1rio que ele seja decifrado, deixando-se envolver por todo o fasc\u00ednio, os mist\u00e9rios e os segredos contidos na sagrada arte de construir uma catedral g\u00f3tica, representante m\u00e1xima do esplendor da arquitetura e da religiosidade medievais. Uma trama envolvente, uma aventura inusitada, enfatizando as virtudes, os v\u00edcios, as incertezas, os medos e a esperan\u00e7a sempre renovada de pessoas irremediavelmente aprisionadas ao absolutismo pol\u00edtico e teocr\u00e1tico da Idade M\u00e9dia.<\/p>\n<p style=\"text-align: justify;\">Um romance sobre uma \u00e9poca de compromissos e fidelidade, sobre antigas tradi\u00e7\u00f5es e sobre os pedreiros-livres que nos faz viajar no tempo e surpreendentemente constatar que os costumes e os valores orientados pelo ide\u00e1rio e pelo imagin\u00e1rio medievais, aparentemente t\u00e3o remotos, ainda persistem arraigados nos nossos cora\u00e7\u00f5es e mentes.<\/p>\n<p>[\/vc_column_text][\/vc_column][\/vc_row][vc_row][vc_column][vc_column_text]<\/p>\n<h3>ADQUIRA TAMB\u00c9M EM NOSSOS PARCEIROS<\/h3>\n<p>[\/vc_column_text][\/vc_column][\/vc_row][vc_row][vc_column][vc_column_text]<style type=\"text\/css\" data-type=\"the7_shortcodes-inline-css\">.carousel-shortcode.carousel-shortcode-id-999c4f6d35c2a003bbc76ba2cbae5a05 .owl-nav a {\n  width: 36px;\n  height: 36px;\n  border-radius: 500px;\n}\n.dt-arrow-border-on.carousel-shortcode.carousel-shortcode-id-999c4f6d35c2a003bbc76ba2cbae5a05 .owl-nav a:not(:hover):before {\n  border-width: 0px;\n}\n.dt-arrow-hover-border-on.carousel-shortcode.carousel-shortcode-id-999c4f6d35c2a003bbc76ba2cbae5a05 .owl-nav a:hover:after {\n  border-width: 0px;\n}\n.carousel-shortcode.carousel-shortcode-id-999c4f6d35c2a003bbc76ba2cbae5a05 .owl-nav a.owl-prev {\n  top: 50%;\n  transform: translateY(calc(-50% + 0px));\n  left: -43px;\n}\n@media all and (-ms-high-contrast: none) {\n  .carousel-shortcode.carousel-shortcode-id-999c4f6d35c2a003bbc76ba2cbae5a05 .owl-nav a.owl-prev {\n    transform: translateY(-50%);\n    margin-top: 0px;\n  }\n}\n.carousel-shortcode.carousel-shortcode-id-999c4f6d35c2a003bbc76ba2cbae5a05 .owl-nav a.owl-prev i {\n  padding: 0px 0px 0px 0px;\n}\n.carousel-shortcode.carousel-shortcode-id-999c4f6d35c2a003bbc76ba2cbae5a05 .owl-nav a.owl-next {\n  top: 50%;\n  transform: translateY(calc(-50% + 0px));\n  right: -43px;\n}\n@media all and (-ms-high-contrast: none) {\n  .carousel-shortcode.carousel-shortcode-id-999c4f6d35c2a003bbc76ba2cbae5a05 .owl-nav a.owl-next {\n    transform: translateY(-50%);\n    margin-top: 0px;\n  }\n}\n.carousel-shortcode.carousel-shortcode-id-999c4f6d35c2a003bbc76ba2cbae5a05 .owl-nav a.owl-next i {\n  padding: 0px 0px 0px 0px;\n}\n.carousel-shortcode.carousel-shortcode-id-999c4f6d35c2a003bbc76ba2cbae5a05 .owl-nav i {\n  font-size: 18px;\n}\n.carousel-shortcode.carousel-shortcode-id-999c4f6d35c2a003bbc76ba2cbae5a05 .owl-nav a:not(:hover) i,\n.carousel-shortcode.carousel-shortcode-id-999c4f6d35c2a003bbc76ba2cbae5a05 .owl-nav a:not(:hover) i:before {\n  color: #ffffff;\n  background: none;\n}\n.carousel-shortcode.carousel-shortcode-id-999c4f6d35c2a003bbc76ba2cbae5a05 .owl-nav a:hover i,\n.carousel-shortcode.carousel-shortcode-id-999c4f6d35c2a003bbc76ba2cbae5a05 .owl-nav a:hover i:before {\n  color: rgba(255,255,255,0.75);\n  background: none;\n}\n.carousel-shortcode.carousel-shortcode-id-999c4f6d35c2a003bbc76ba2cbae5a05 .owl-dots {\n  top: calc(100% + 20px);\n  left: 50%;\n  transform: translateX(calc(-50% + 0px));\n}\n@media all and (-ms-high-contrast: none) {\n  .carousel-shortcode.carousel-shortcode-id-999c4f6d35c2a003bbc76ba2cbae5a05 .owl-dots {\n    transform: translateX(-50%);\n    margin-left: 0px;\n  }\n}\n.carousel-shortcode.carousel-shortcode-id-999c4f6d35c2a003bbc76ba2cbae5a05 .owl-dot {\n  width: 10px;\n  height: 10px;\n  margin: 0 8px;\n}\n@media screen and (max-width: 778px) {\n  .carousel-shortcode.carousel-shortcode-id-999c4f6d35c2a003bbc76ba2cbae5a05.hide-arrows .owl-nav a {\n    display: none;\n  }\n}\n@media screen and (max-width: 778px) {\n  .carousel-shortcode.carousel-shortcode-id-999c4f6d35c2a003bbc76ba2cbae5a05.reposition-arrows .owl-nav .owl-prev {\n    top: 50%;\n    transform: translateY(calc(-50% + 0px));\n    left: 10px;\n  }\n  .carousel-shortcode.carousel-shortcode-id-999c4f6d35c2a003bbc76ba2cbae5a05.reposition-arrows .owl-nav .owl-next {\n    top: 50%;\n    transform: translateY(calc(-50% + 0px));\n    right: 10px;\n  }\n}\n@media screen and (max-width: 778px) and all and (-ms-high-contrast: none) {\n  .carousel-shortcode.carousel-shortcode-id-999c4f6d35c2a003bbc76ba2cbae5a05.reposition-arrows .owl-nav .owl-prev {\n    transform: translateY(-50%);\n    margin-top: 0px;\n  }\n}\n@media screen and (max-width: 778px) and all and (-ms-high-contrast: none) {\n  .carousel-shortcode.carousel-shortcode-id-999c4f6d35c2a003bbc76ba2cbae5a05.reposition-arrows .owl-nav .owl-next {\n    transform: translateY(-50%);\n    margin-top: 0px;\n  }\n}\n<\/style><div class=\"owl-carousel carousel-shortcode dt-owl-carousel-call carousel-shortcode-id-999c4f6d35c2a003bbc76ba2cbae5a05 bullets-small-dot-stroke reposition-arrows arrows-bg-on dt-arrow-border-on dt-arrow-hover-border-on disable-arrows-hover-bg arrows-hover-bg-on  \" data-scroll-mode=\"1\" data-col-num=\"6\" data-wide-col-num=\"6\" data-laptop-col=\"6\" data-h-tablet-columns-num=\"3\" data-v-tablet-columns-num=\"2\" data-phone-columns-num=\"1\" data-auto-height=\"true\" data-col-gap=\"30\" data-stage-padding=\"0\" data-speed=\"600\" data-autoplay=\"false\" data-autoplay_speed=\"6000\" data-arrows=\"true\" data-bullet=\"true\" data-next-icon=\"icon-ar-017-r\" data-prev-icon=\"icon-ar-017-l\">[vc_single_image image=&#8221;1396&#8243; img_size=&#8221;full&#8221; onclick=&#8221;custom_link&#8221; img_link_target=&#8221;_blank&#8221; link=&#8221;https:\/\/www.amazon.com.br&#8221;][vc_single_image image=&#8221;1398&#8243; img_size=&#8221;full&#8221; onclick=&#8221;custom_link&#8221; img_link_target=&#8221;_blank&#8221; link=&#8221;http:\/\/www.travessa.com.br&#8221;][vc_single_image image=&#8221;1400&#8243; img_size=&#8221;full&#8221; onclick=&#8221;custom_link&#8221; img_link_target=&#8221;_blank&#8221; link=&#8221;https:\/\/www.livrariascuritiba.com.br&#8221;][vc_single_image image=&#8221;1407&#8243; img_size=&#8221;full&#8221; onclick=&#8221;custom_link&#8221; img_link_target=&#8221;_blank&#8221; link=&#8221;https:\/\/www.livrariadavila.com.br&#8221;][vc_single_image image=&#8221;1397&#8243; img_size=&#8221;full&#8221; onclick=&#8221;custom_link&#8221; img_link_target=&#8221;_blank&#8221; link=&#8221;https:\/\/www.americanas.com.br&#8221;][vc_single_image image=&#8221;1401&#8243; img_size=&#8221;full&#8221; onclick=&#8221;custom_link&#8221; img_link_target=&#8221;_blank&#8221; link=&#8221;shoptime.com.br&#8221;][vc_single_image image=&#8221;1402&#8243; img_size=&#8221;full&#8221; onclick=&#8221;custom_link&#8221; img_link_target=&#8221;_blank&#8221; link=&#8221;https:\/\/www.submarino.com.br\/&#8221;][vc_single_image image=&#8221;1412&#8243; img_size=&#8221;full&#8221; onclick=&#8221;custom_link&#8221; img_link_target=&#8221;_blank&#8221; link=&#8221;https:\/\/www.martinsfontespaulista.com.br&#8221;][vc_single_image image=&#8221;1414&#8243; img_size=&#8221;full&#8221; onclick=&#8221;custom_link&#8221; img_link_target=&#8221;_blank&#8221; link=&#8221;https:\/\/www.disal.com.br&#8221;][vc_single_image image=&#8221;1405&#8243; img_size=&#8221;full&#8221; onclick=&#8221;custom_link&#8221; img_link_target=&#8221;_blank&#8221; link=&#8221;https:\/\/www.sbs.com.br&#8221;][vc_single_image image=&#8221;1411&#8243; img_size=&#8221;full&#8221; onclick=&#8221;custom_link&#8221; img_link_target=&#8221;_blank&#8221; link=&#8221;https:\/\/www.livrarialoyola.com.br&#8221;][vc_single_image image=&#8221;1406&#8243; img_size=&#8221;full&#8221; onclick=&#8221;custom_link&#8221; img_link_target=&#8221;_blank&#8221; link=&#8221;https:\/\/www.apaginadistribuidora.com.br&#8221;][vc_single_image image=&#8221;1416&#8243; img_size=&#8221;full&#8221; onclick=&#8221;custom_link&#8221; img_link_target=&#8221;_blank&#8221; link=&#8221;https:\/\/www.mercadolivre.com.br&#8221;][vc_single_image image=&#8221;1410&#8243; img_size=&#8221;full&#8221; onclick=&#8221;custom_link&#8221; img_link_target=&#8221;_blank&#8221; link=&#8221;https:\/\/www.livrariavozes.com.br&#8221;][vc_single_image image=&#8221;1417&#8243; img_size=&#8221;full&#8221; onclick=&#8221;custom_link&#8221; img_link_target=&#8221;_blank&#8221; link=&#8221;https:\/\/www.facebook.com\/consulato.livraria\/&#8221;]<\/div>[\/vc_column_text][\/vc_column][\/vc_row]<\/p>\n","protected":false},"excerpt":{"rendered":"<p>AUTOR: <a title=\"Celso Abrah\u00e3o\" href=\"https:\/\/editoralandmark.com.br\/v2.0\/2022\/01\/22\/celso-abrahao\/\" target=\"_blank\" rel=\"noopener\">CELSO ABRAH\u00c3O<\/a><br \/>\nTRADU\u00c7\u00c3O E NOTAS: ***************<br \/>\nADAPTA\u00c7\u00c3O: ***************<br \/>\nILUSTRADOR:\u00a0***************<br \/>\nIDIOMA: PORTUGU\u00caS<br \/>\nLAN\u00c7AMENTO: 10\/2012<br \/>\nACABAMENTO:\u00a0CAPA DURA<br \/>\nFORMATO:\u00a016CM X 23CM<br \/>\nP\u00c1GINAS: 256<br \/>\nPESO: 350 G<br \/>\nISBN: 9788580700237<br \/>\nISBN DIGITAL: 9788580700268<\/p>\n","protected":false},"featured_media":423,"template":"","meta":[],"product_brand":[],"product_cat":[24,26],"product_tag":[],"class_list":{"0":"post-422","1":"product","2":"type-product","3":"status-publish","4":"has-post-thumbnail","6":"product_cat-ficcao-historica","7":"product_cat-literatura-brasileira","8":"product_shipping_class-correios","9":"description-off","11":"first","12":"outofstock","13":"shipping-taxable","14":"product-type-simple"},"aioseo_notices":[],"_links":{"self":[{"href":"https:\/\/editoralandmark.com.br\/v2.0\/wp-json\/wp\/v2\/product\/422","targetHints":{"allow":["GET"]}}],"collection":[{"href":"https:\/\/editoralandmark.com.br\/v2.0\/wp-json\/wp\/v2\/product"}],"about":[{"href":"https:\/\/editoralandmark.com.br\/v2.0\/wp-json\/wp\/v2\/types\/product"}],"wp:featuredmedia":[{"embeddable":true,"href":"https:\/\/editoralandmark.com.br\/v2.0\/wp-json\/wp\/v2\/media\/423"}],"wp:attachment":[{"href":"https:\/\/editoralandmark.com.br\/v2.0\/wp-json\/wp\/v2\/media?parent=422"}],"wp:term":[{"taxonomy":"product_brand","embeddable":true,"href":"https:\/\/editoralandmark.com.br\/v2.0\/wp-json\/wp\/v2\/product_brand?post=422"},{"taxonomy":"product_cat","embeddable":true,"href":"https:\/\/editoralandmark.com.br\/v2.0\/wp-json\/wp\/v2\/product_cat?post=422"},{"taxonomy":"product_tag","embeddable":true,"href":"https:\/\/editoralandmark.com.br\/v2.0\/wp-json\/wp\/v2\/product_tag?post=422"}],"curies":[{"name":"wp","href":"https:\/\/api.w.org\/{rel}","templated":true}]}}