{"id":449,"date":"2014-05-22T14:55:56","date_gmt":"2014-05-22T17:55:56","guid":{"rendered":"https:\/\/editoralandmark.com.br\/v2.0\/?post_type=product&#038;p=449"},"modified":"2025-03-13T11:26:38","modified_gmt":"2025-03-13T14:26:38","slug":"teatro-completo-de-oscar-wilde-volume-ii","status":"publish","type":"product","link":"https:\/\/editoralandmark.com.br\/v2.0\/produto\/teatro-completo-de-oscar-wilde-volume-ii\/","title":{"rendered":"TEATRO COMPLETO DE OSCAR WILDE &#8211; VOLUME II"},"content":{"rendered":"<p>[vc_row][vc_column][vc_column_text]<\/p>\n<p style=\"text-align: justify;\">Neste segundo volume, a Editora Landmark apresenta, em in\u00e9dita edi\u00e7\u00e3o bil\u00edngue, cinco das nove pe\u00e7as escritas por Oscar Wilde:<\/p>\n<p style=\"text-align: justify;\">SALOM\u00c9 drama po\u00e9tico, escrito em 1892 em franc\u00eas e traduzido para o ingl\u00eas em 1894, para ser representado por Sarah Bernhardt, em Paris. Jo\u00e3o Batista, um profeta muito popular, est\u00e1 encarcerado na masmorra do pal\u00e1cio de Herodes Antipas por denunciar a corrup\u00e7\u00e3o e a imoralidade na corte. Ele \u00e9 desejado por Salom\u00e9, criada na corte do tio, Herodes Antipas. Por\u00e9m Jo\u00e3o Batista a repele com desgosto e recomenda que ela se redima de seus pecados. Em uma festa no pal\u00e1cio, Herodes Antipas pede para que a sobrinha dance para ele. Entusiasmado com a performance e feliz por ter agradado os convidados ele se compromete em lhe dar uma recompensa, ent\u00e3o fica estarrecido com o pedido de Salom\u00e9: a cabe\u00e7a de Jo\u00e3o Batista, numa bandeja de prata.<\/p>\n<p style=\"text-align: justify;\">UMA MULHER SEM IMPORT\u00c2NCIA \u00e9 a segunda com\u00e9dia de sociedade que Oscar Wilde escreveu, em 1892, e teve a sua estreia em 19 de Abril de 1893, no Haymarket Theatre, em Londres e conta a hist\u00f3ria de um jovem ambicioso, Gerard, filho ileg\u00edtimo, que se v\u00ea for\u00e7ado a escolher entre o pai, um influente aristocrata, e sua m\u00e3e, uma mulher sem import\u00e2ncia. Quando Illingworth lhe oferece um emprego como seu secret\u00e1rio, Gerard fica radiante com a possibilidade de entrar para a sofisticada sociedade, por\u00e9m sua m\u00e3e esconde um segredo h\u00e1 vinte anos que pode destruir a felicidade de seu filho. Como ela poder\u00e1 mostrar a Gerard que o senhor Illingworth, contrariamente \u00e0s apar\u00eancias \u00e9 um homem sem import\u00e2ncia? O personagem de Lorde Illingworth \u00e9 um impressivo alter-ego do autor.<\/p>\n<p style=\"text-align: justify;\">UM MARIDO IDEAL \u00e9 uma com\u00e9dia escrita em 1895 que gira em torno de chantagem e corrup\u00e7\u00e3o pol\u00edtica. Sir Robert \u00e9 um homem bem sucedido em todos os aspectos, um pol\u00edtico excepcional, tem amizade com muitas pessoas influentes e um casamento perfeito com Gertrude. Quando est\u00e1 preste a ser nomeado para o gabinete, a sedutora Lady Laura surge com uma carta que esconde um segredo do seu passado, chantageando caso n\u00e3o defenda um projeto, do qual ela fez um grande investimento financeiro. Quando sua vida parece estar arruinada, Sir Robert pede ajuda a Arthur Goring, um solteiro festeiro e muito namorador, para salvar seu casamento.<\/p>\n<p style=\"text-align: justify;\">UMA TRAG\u00c9DIA FLORENTINA \u00e9 um fragmento de uma trag\u00e9dia que nunca foi conclu\u00edda por Oscar Wilde. A ambienta\u00e7\u00e3o da pe\u00e7a acontece na Floren\u00e7a Renascentista e conta o caso de amor il\u00edcito entre o pr\u00edncipe Guido e a plebeia Bianca. Quando seu marido, o rico comerciante Simon, volta para casa depois de semanas ausente, encontra sua esposa em companhia de um homem que se apresenta como Guido, Simon finge hospitalidade e o pr\u00edncipe come\u00e7a a ficar incomodado. Ele pede que Bianca traga uma garrafa de vinho para comemorar a visita honor\u00e1vel no pr\u00edncipe. Simon diz que tamb\u00e9m tem uma espada e prop\u00f5e um duelo para ver qual das duas espadas \u00e9 a melhor.<\/p>\n<p style=\"text-align: justify;\">A SANTA CORTES\u00c3 \u00e9 uma pe\u00e7a inacabada que Oscar Wilde escreveu em 1894. O projeto original foi deixado em um t\u00e1xi pelo autor, e apenas um fragmento sobreviveu at\u00e9 os dias atuais. Explora uma das grandes obsess\u00f5es de Wilde: o paradoxo do hedonismo religioso e a piedade pag\u00e3. Conta a hist\u00f3ria de uma prostituta de beleza inigual\u00e1vel que faz uma peregrina\u00e7\u00e3o ao deserto para procurar um belo e jovem eremita, um homem muito santo, que vive uma vida de ora\u00e7\u00e3o. No final, os dois personagens percebem um est\u00e1 vivendo a vida do outro, de acordo com algum tipo de plano divino.<\/p>\n<p>[\/vc_column_text][\/vc_column][\/vc_row][vc_row][vc_column][vc_column_text]<\/p>\n<h3>ADQUIRA TAMB\u00c9M EM NOSSOS PARCEIROS<\/h3>\n<p>[\/vc_column_text][\/vc_column][\/vc_row][vc_row][vc_column][vc_column_text]<style type=\"text\/css\" data-type=\"the7_shortcodes-inline-css\">.carousel-shortcode.carousel-shortcode-id-999c4f6d35c2a003bbc76ba2cbae5a05 .owl-nav a {\n  width: 36px;\n  height: 36px;\n  border-radius: 500px;\n}\n.dt-arrow-border-on.carousel-shortcode.carousel-shortcode-id-999c4f6d35c2a003bbc76ba2cbae5a05 .owl-nav a:not(:hover):before {\n  border-width: 0px;\n}\n.dt-arrow-hover-border-on.carousel-shortcode.carousel-shortcode-id-999c4f6d35c2a003bbc76ba2cbae5a05 .owl-nav a:hover:after {\n  border-width: 0px;\n}\n.carousel-shortcode.carousel-shortcode-id-999c4f6d35c2a003bbc76ba2cbae5a05 .owl-nav a.owl-prev {\n  top: 50%;\n  transform: translateY(calc(-50% + 0px));\n  left: -43px;\n}\n@media all and (-ms-high-contrast: none) {\n  .carousel-shortcode.carousel-shortcode-id-999c4f6d35c2a003bbc76ba2cbae5a05 .owl-nav a.owl-prev {\n    transform: translateY(-50%);\n    margin-top: 0px;\n  }\n}\n.carousel-shortcode.carousel-shortcode-id-999c4f6d35c2a003bbc76ba2cbae5a05 .owl-nav a.owl-prev i {\n  padding: 0px 0px 0px 0px;\n}\n.carousel-shortcode.carousel-shortcode-id-999c4f6d35c2a003bbc76ba2cbae5a05 .owl-nav a.owl-next {\n  top: 50%;\n  transform: translateY(calc(-50% + 0px));\n  right: -43px;\n}\n@media all and (-ms-high-contrast: none) {\n  .carousel-shortcode.carousel-shortcode-id-999c4f6d35c2a003bbc76ba2cbae5a05 .owl-nav a.owl-next {\n    transform: translateY(-50%);\n    margin-top: 0px;\n  }\n}\n.carousel-shortcode.carousel-shortcode-id-999c4f6d35c2a003bbc76ba2cbae5a05 .owl-nav a.owl-next i {\n  padding: 0px 0px 0px 0px;\n}\n.carousel-shortcode.carousel-shortcode-id-999c4f6d35c2a003bbc76ba2cbae5a05 .owl-nav i {\n  font-size: 18px;\n}\n.carousel-shortcode.carousel-shortcode-id-999c4f6d35c2a003bbc76ba2cbae5a05 .owl-nav a:not(:hover) i,\n.carousel-shortcode.carousel-shortcode-id-999c4f6d35c2a003bbc76ba2cbae5a05 .owl-nav a:not(:hover) i:before {\n  color: #ffffff;\n  background: none;\n}\n.carousel-shortcode.carousel-shortcode-id-999c4f6d35c2a003bbc76ba2cbae5a05 .owl-nav a:hover i,\n.carousel-shortcode.carousel-shortcode-id-999c4f6d35c2a003bbc76ba2cbae5a05 .owl-nav a:hover i:before {\n  color: rgba(255,255,255,0.75);\n  background: none;\n}\n.carousel-shortcode.carousel-shortcode-id-999c4f6d35c2a003bbc76ba2cbae5a05 .owl-dots {\n  top: calc(100% + 20px);\n  left: 50%;\n  transform: translateX(calc(-50% + 0px));\n}\n@media all and (-ms-high-contrast: none) {\n  .carousel-shortcode.carousel-shortcode-id-999c4f6d35c2a003bbc76ba2cbae5a05 .owl-dots {\n    transform: translateX(-50%);\n    margin-left: 0px;\n  }\n}\n.carousel-shortcode.carousel-shortcode-id-999c4f6d35c2a003bbc76ba2cbae5a05 .owl-dot {\n  width: 10px;\n  height: 10px;\n  margin: 0 8px;\n}\n@media screen and (max-width: 778px) {\n  .carousel-shortcode.carousel-shortcode-id-999c4f6d35c2a003bbc76ba2cbae5a05.hide-arrows .owl-nav a {\n    display: none;\n  }\n}\n@media screen and (max-width: 778px) {\n  .carousel-shortcode.carousel-shortcode-id-999c4f6d35c2a003bbc76ba2cbae5a05.reposition-arrows .owl-nav .owl-prev {\n    top: 50%;\n    transform: translateY(calc(-50% + 0px));\n    left: 10px;\n  }\n  .carousel-shortcode.carousel-shortcode-id-999c4f6d35c2a003bbc76ba2cbae5a05.reposition-arrows .owl-nav .owl-next {\n    top: 50%;\n    transform: translateY(calc(-50% + 0px));\n    right: 10px;\n  }\n}\n@media screen and (max-width: 778px) and all and (-ms-high-contrast: none) {\n  .carousel-shortcode.carousel-shortcode-id-999c4f6d35c2a003bbc76ba2cbae5a05.reposition-arrows .owl-nav .owl-prev {\n    transform: translateY(-50%);\n    margin-top: 0px;\n  }\n}\n@media screen and (max-width: 778px) and all and (-ms-high-contrast: none) {\n  .carousel-shortcode.carousel-shortcode-id-999c4f6d35c2a003bbc76ba2cbae5a05.reposition-arrows .owl-nav .owl-next {\n    transform: translateY(-50%);\n    margin-top: 0px;\n  }\n}\n<\/style><div class=\"owl-carousel carousel-shortcode dt-owl-carousel-call carousel-shortcode-id-999c4f6d35c2a003bbc76ba2cbae5a05 bullets-small-dot-stroke reposition-arrows arrows-bg-on dt-arrow-border-on dt-arrow-hover-border-on disable-arrows-hover-bg arrows-hover-bg-on  \" data-scroll-mode=\"1\" data-col-num=\"6\" data-wide-col-num=\"6\" data-laptop-col=\"6\" data-h-tablet-columns-num=\"3\" data-v-tablet-columns-num=\"2\" data-phone-columns-num=\"1\" data-auto-height=\"true\" data-col-gap=\"30\" data-stage-padding=\"0\" data-speed=\"600\" data-autoplay=\"false\" data-autoplay_speed=\"6000\" data-arrows=\"true\" data-bullet=\"true\" data-next-icon=\"icon-ar-017-r\" data-prev-icon=\"icon-ar-017-l\">[vc_single_image image=&#8221;1396&#8243; img_size=&#8221;full&#8221; onclick=&#8221;custom_link&#8221; img_link_target=&#8221;_blank&#8221; link=&#8221;https:\/\/www.amazon.com.br&#8221;][vc_single_image image=&#8221;1398&#8243; img_size=&#8221;full&#8221; onclick=&#8221;custom_link&#8221; img_link_target=&#8221;_blank&#8221; link=&#8221;http:\/\/www.travessa.com.br&#8221;][vc_single_image image=&#8221;1400&#8243; img_size=&#8221;full&#8221; onclick=&#8221;custom_link&#8221; img_link_target=&#8221;_blank&#8221; link=&#8221;https:\/\/www.livrariascuritiba.com.br&#8221;][vc_single_image image=&#8221;1407&#8243; img_size=&#8221;full&#8221; onclick=&#8221;custom_link&#8221; img_link_target=&#8221;_blank&#8221; link=&#8221;https:\/\/www.livrariadavila.com.br&#8221;][vc_single_image image=&#8221;1397&#8243; img_size=&#8221;full&#8221; onclick=&#8221;custom_link&#8221; img_link_target=&#8221;_blank&#8221; link=&#8221;https:\/\/www.americanas.com.br&#8221;][vc_single_image image=&#8221;1401&#8243; img_size=&#8221;full&#8221; onclick=&#8221;custom_link&#8221; img_link_target=&#8221;_blank&#8221; link=&#8221;shoptime.com.br&#8221;][vc_single_image image=&#8221;1402&#8243; img_size=&#8221;full&#8221; onclick=&#8221;custom_link&#8221; img_link_target=&#8221;_blank&#8221; link=&#8221;https:\/\/www.submarino.com.br\/&#8221;][vc_single_image image=&#8221;1412&#8243; img_size=&#8221;full&#8221; onclick=&#8221;custom_link&#8221; img_link_target=&#8221;_blank&#8221; link=&#8221;https:\/\/www.martinsfontespaulista.com.br&#8221;][vc_single_image image=&#8221;1414&#8243; img_size=&#8221;full&#8221; onclick=&#8221;custom_link&#8221; img_link_target=&#8221;_blank&#8221; link=&#8221;https:\/\/www.disal.com.br&#8221;][vc_single_image image=&#8221;1405&#8243; img_size=&#8221;full&#8221; onclick=&#8221;custom_link&#8221; img_link_target=&#8221;_blank&#8221; link=&#8221;https:\/\/www.sbs.com.br&#8221;][vc_single_image image=&#8221;1411&#8243; img_size=&#8221;full&#8221; onclick=&#8221;custom_link&#8221; img_link_target=&#8221;_blank&#8221; link=&#8221;https:\/\/www.livrarialoyola.com.br&#8221;][vc_single_image image=&#8221;1406&#8243; img_size=&#8221;full&#8221; onclick=&#8221;custom_link&#8221; img_link_target=&#8221;_blank&#8221; link=&#8221;https:\/\/www.apaginadistribuidora.com.br&#8221;][vc_single_image image=&#8221;1416&#8243; img_size=&#8221;full&#8221; onclick=&#8221;custom_link&#8221; img_link_target=&#8221;_blank&#8221; link=&#8221;https:\/\/www.mercadolivre.com.br&#8221;][vc_single_image image=&#8221;1410&#8243; img_size=&#8221;full&#8221; onclick=&#8221;custom_link&#8221; img_link_target=&#8221;_blank&#8221; link=&#8221;https:\/\/www.livrariavozes.com.br&#8221;][vc_single_image image=&#8221;1417&#8243; img_size=&#8221;full&#8221; onclick=&#8221;custom_link&#8221; img_link_target=&#8221;_blank&#8221; link=&#8221;https:\/\/www.facebook.com\/consulato.livraria\/&#8221;]<\/div>[\/vc_column_text][\/vc_column][\/vc_row]<\/p>\n","protected":false},"excerpt":{"rendered":"<p>AUTOR: <a title=\"Oscar Wilde \u2013 (1854-1900)\" href=\"https:\/\/editoralandmark.com.br\/v2.0\/2022\/01\/22\/oscar-wilde-1854-1900\/\" target=\"_blank\" rel=\"noopener\">OSCAR WILDE<\/a><br \/>\nTRADU\u00c7\u00c3O E NOTAS: DORIS GOETTEMS<br \/>\nADAPTA\u00c7\u00c3O: ***************<br \/>\nILUSTRADOR: ***************<br \/>\nIDIOMA: PORTUGU\u00caS-INGL\u00caS<br \/>\nLAN\u00c7AMENTO: 12\/2015<br \/>\nACABAMENTO: BROCHURA<br \/>\nFORMATO: 16CM X 23CM<br \/>\nP\u00c1GINAS: 352<br \/>\nPESO: 410 G<br \/>\nISBN: 9788580700077<br \/>\nISBN DIGITAL: 9788580700084<\/p>\n","protected":false},"featured_media":450,"template":"","meta":[],"product_brand":[],"product_cat":[18,21,30,38],"product_tag":[],"class_list":{"0":"post-449","1":"product","2":"type-product","3":"status-publish","4":"has-post-thumbnail","6":"product_cat-classicos-mundiais","7":"product_cat-edicao-bilingue","8":"product_cat-literatura-inglesa","9":"product_cat-teatro","10":"product_shipping_class-correios","11":"description-off","13":"first","14":"instock","15":"shipping-taxable","16":"purchasable","17":"product-type-simple"},"aioseo_notices":[],"_links":{"self":[{"href":"https:\/\/editoralandmark.com.br\/v2.0\/wp-json\/wp\/v2\/product\/449","targetHints":{"allow":["GET"]}}],"collection":[{"href":"https:\/\/editoralandmark.com.br\/v2.0\/wp-json\/wp\/v2\/product"}],"about":[{"href":"https:\/\/editoralandmark.com.br\/v2.0\/wp-json\/wp\/v2\/types\/product"}],"wp:featuredmedia":[{"embeddable":true,"href":"https:\/\/editoralandmark.com.br\/v2.0\/wp-json\/wp\/v2\/media\/450"}],"wp:attachment":[{"href":"https:\/\/editoralandmark.com.br\/v2.0\/wp-json\/wp\/v2\/media?parent=449"}],"wp:term":[{"taxonomy":"product_brand","embeddable":true,"href":"https:\/\/editoralandmark.com.br\/v2.0\/wp-json\/wp\/v2\/product_brand?post=449"},{"taxonomy":"product_cat","embeddable":true,"href":"https:\/\/editoralandmark.com.br\/v2.0\/wp-json\/wp\/v2\/product_cat?post=449"},{"taxonomy":"product_tag","embeddable":true,"href":"https:\/\/editoralandmark.com.br\/v2.0\/wp-json\/wp\/v2\/product_tag?post=449"}],"curies":[{"name":"wp","href":"https:\/\/api.w.org\/{rel}","templated":true}]}}