{"id":455,"date":"2014-04-19T15:41:43","date_gmt":"2014-04-19T18:41:43","guid":{"rendered":"https:\/\/editoralandmark.com.br\/v2.0\/?post_type=product&#038;p=455"},"modified":"2024-03-27T14:42:18","modified_gmt":"2024-03-27T17:42:18","slug":"mansfield-park-edicao-bilingue-portugues-ingles","status":"publish","type":"product","link":"https:\/\/editoralandmark.com.br\/v2.0\/produto\/mansfield-park-edicao-bilingue-portugues-ingles\/","title":{"rendered":"MANSFIELD PARK: EDI\u00c7\u00c3O BIL\u00cdNGUE PORTUGU\u00caS-INGL\u00caS"},"content":{"rendered":"<p>MANSFIELD PARK, considerado o mais ambicioso romance de Jane Austen, foi escrito entre os anos de 1811 e 1813 e publicado anonimamente, como todas as demais obras da autora, em 1814. \u00c9 provavelmente o menos rom\u00e2ntico e o mais pragm\u00e1tico dos romances de Austen, como seu abrupto e bastante prosaico fim demostra.<\/p>\n<p>MANSFIELD PARK \u00e9 um romance que enfoca as maneiras com que as pessoas tentam lidar uns com os outros. Mansfield Park deve ser lido sem preconceitos ou suposi\u00e7\u00f5es, o que na verdade \u00e9 um dos temas principais do livro. Quase todos, em Mansfield Park, passam ao longo de toda a trama fazendo suposi\u00e7\u00f5es erradas sobre as outras pessoas. Nesse sentido, s\u00e3o t\u00edpicos personagens criados por Austen: reais, inclassific\u00e1veis, dif\u00edceis, contradit\u00f3rios e confusos. Antagonistas agem mais como her\u00f3is, hero\u00ednas s\u00e3o, por vezes, antip\u00e1ticas, e vil\u00f5es, de repente, se transformam em protagonistas. Assim, esc\u00e2ndalos surgem em MANSFIELD PARK em todos os n\u00edveis: o pecado; as tenta\u00e7\u00f5es para o pecado; as obstru\u00e7\u00f5es interpessoais; as impropriedades que chocam, excitam e produzem fofocas dentro da esfera em que vivem os personagens; a desgra\u00e7a e a queda p\u00fablicas; a vitimiza\u00e7\u00e3o e a acusa\u00e7\u00e3o prof\u00e9tica; a expuls\u00e3o e o sacrif\u00edcio empreendidos pelo mau gosto da m\u00eddia. As tens\u00f5es morais implicadas pelos sentidos, t\u00e3o claramente apresentadas em Mansfield Park, s\u00e3o as mesmas tens\u00f5es morais do nosso mundo atual: o comportamento contra a moral, a culpa contra a vergonha, a liberdade contra a permissibilidade, a toler\u00e2ncia contra a lasc\u00edvia, a justi\u00e7a contra a miseric\u00f3rdia. Austen realmente n\u00e3o pretende resolver qualquer dessas tens\u00f5es, mas prefere pression\u00e1-las at\u00e9 o limite da sua solubilidade. E este \u00e9 a resolu\u00e7\u00e3o engenhosa de Mansfield Park.<\/p>\n<p>De v\u00e1rias maneiras, MANSFIELD PARK, a hist\u00f3ria t\u00e3o complexamente criada por Jane Austen, torna-se a nossa pr\u00f3pria hist\u00f3ria, quer gostemos ou n\u00e3o, soando um pouco como a pr\u00f3pria vida de todos n\u00f3s. O tema prevalecente na obra continua relevante: a necessidade de homens e mulheres encontrarem a sua identidade e fazerem as suas pr\u00f3prias escolhas \u2013 ainda que a sociedade, por sua natureza, tente-os fazer seres dependentes, sem for\u00e7a e preconceituosos. Este foi o romance mais lucrativo de Austen, garantindo \u00e0 autora 350 libras, uma verdadeira fortuna na sua \u00e9poca.<\/p>\n","protected":false},"excerpt":{"rendered":"<p>AUTOR: <a title=\"Jane Austen \u2013 (1775-1817)\" href=\"https:\/\/editoralandmark.com.br\/v2.0\/2022\/01\/22\/jane-austen-1775-1817\/\" target=\"_blank\" rel=\"noopener\">JANE AUSTEN<\/a><br \/>\nTRADU\u00c7\u00c3O E NOTAS: VERA SILVIA CAMARGO GUARNIERI<br \/>\nADAPTA\u00c7\u00c3O: ***************<br \/>\nILUSTRADOR: ***************<br \/>\nIDIOMA: PORTUGU\u00caS-INGL\u00caS<br \/>\nLAN\u00c7AMENTO: 04\/2014<br \/>\nACABAMENTO: EPUB<br \/>\nFORMATO: 16CM X 23CM<br \/>\nP\u00c1GINAS: 552<br \/>\nPESO: 0 G<br \/>\nISBN: 9788580700329<br \/>\nISBN DIGITAL: 9788580700312<\/p>\n","protected":false},"featured_media":456,"template":"","meta":[],"product_brand":[],"product_cat":[18,21,30,33,36],"product_tag":[64],"class_list":{"0":"post-455","1":"product","2":"type-product","3":"status-publish","4":"has-post-thumbnail","6":"product_cat-classicos-mundiais","7":"product_cat-edicao-bilingue","8":"product_cat-literatura-inglesa","9":"product_cat-livro-digital","10":"product_cat-romance","11":"product_tag-livros","12":"product_shipping_class-correios","13":"description-off","15":"first","16":"instock","17":"virtual","18":"purchasable","19":"product-type-simple"},"aioseo_notices":[],"_links":{"self":[{"href":"https:\/\/editoralandmark.com.br\/v2.0\/wp-json\/wp\/v2\/product\/455","targetHints":{"allow":["GET"]}}],"collection":[{"href":"https:\/\/editoralandmark.com.br\/v2.0\/wp-json\/wp\/v2\/product"}],"about":[{"href":"https:\/\/editoralandmark.com.br\/v2.0\/wp-json\/wp\/v2\/types\/product"}],"wp:featuredmedia":[{"embeddable":true,"href":"https:\/\/editoralandmark.com.br\/v2.0\/wp-json\/wp\/v2\/media\/456"}],"wp:attachment":[{"href":"https:\/\/editoralandmark.com.br\/v2.0\/wp-json\/wp\/v2\/media?parent=455"}],"wp:term":[{"taxonomy":"product_brand","embeddable":true,"href":"https:\/\/editoralandmark.com.br\/v2.0\/wp-json\/wp\/v2\/product_brand?post=455"},{"taxonomy":"product_cat","embeddable":true,"href":"https:\/\/editoralandmark.com.br\/v2.0\/wp-json\/wp\/v2\/product_cat?post=455"},{"taxonomy":"product_tag","embeddable":true,"href":"https:\/\/editoralandmark.com.br\/v2.0\/wp-json\/wp\/v2\/product_tag?post=455"}],"curies":[{"name":"wp","href":"https:\/\/api.w.org\/{rel}","templated":true}]}}