{"id":457,"date":"2013-10-19T15:45:13","date_gmt":"2013-10-19T18:45:13","guid":{"rendered":"https:\/\/editoralandmark.com.br\/v2.0\/?post_type=product&#038;p=457"},"modified":"2024-03-27T14:42:19","modified_gmt":"2024-03-27T17:42:19","slug":"ao-farol-to-the-lighthouse","status":"publish","type":"product","link":"https:\/\/editoralandmark.com.br\/v2.0\/produto\/ao-farol-to-the-lighthouse\/","title":{"rendered":"AO FAROL: TO THE LIGHTHOUSE"},"content":{"rendered":"<p>[vc_row][vc_column][vc_column_text]<\/p>\n<p style=\"text-align: justify;\">Considerado como um dos principais trabalhos da escritora inglesa Virginia Woolf, AO FAROL: TO THE LIGHTHOUSE apresenta o cotidiano da fam\u00edlia Ramsay e de seus amigos em sua casa de veraneio nas ilhas H\u00e9bridas, tendo como pano de fundo os acontecimentos e os traumas da Primeira Guerra Mundial. Escrito a partir de in\u00fameras perspectivas, alternando entre personagens e per\u00edodos de tempo com grande eleg\u00e2ncia po\u00e9tica, o romance n\u00e3o se centra em apenas uma trama, pelo contr\u00e1rio, apresenta um painel verbal sobre cada um dos membros da fam\u00edlia, seus amigos e suas viagens \u00e0 Esc\u00f3cia entre 1910 e 1920, desvendando as recorda\u00e7\u00f5es de inf\u00e2ncia de seus personagens e como essas influenciaram suas rela\u00e7\u00f5es na vida adulta.<\/p>\n<p style=\"text-align: justify;\">O romance, dividido em tr\u00eas partes, apresenta em sua primeira se\u00e7\u00e3o a personagem de Mrs. Ramsay, a lente atrav\u00e9s da qual se organiza a maioria dos pontos-de-vista da hist\u00f3ria, al\u00e9m de tamb\u00e9m apresentar seu filho, em cujo desejo de seguir ao farol repousa todo o \u00edmpeto narrativo. Na segunda parte, o Farol permanece vazio como um marco narrativo para a passagem do tempo e para a morte de v\u00e1rios personagens. Na terceira e \u00faltima parte, o restante da fam\u00edlia finalmente segue para seu destino e o romance transforma-se em um libelo sobre o amor, a perda e a criatividade.<\/p>\n<p style=\"text-align: justify;\">Publicado em 1927, a obra seria um verdadeiro marco na reconhecida bibliografia da escritora e no desenvolvimento da literatura modernista na Inglaterra. Geralmente apontada como uma de suas mais elegantes realiza\u00e7\u00f5es, AO FAROL: TO THE LIGHTHOUSE recebeu o Prix Femina em 1928 e propiciou \u00e0 escritora o reconhecimento em vida como uma das mais importantes escritoras inglesas de sua gera\u00e7\u00e3o. A obra n\u00e3o foi somente um sucesso de cr\u00edtica, mas tamb\u00e9m um sucesso de vendas atingindo um amplo espectro de todas as classes sociais. Desde o suic\u00eddio de Woolf em 1941, AO FAROL: TO THE LIGHTHOUSE tem crescido em import\u00e2ncia como um discurso preciso contra os temas do imperialismo, da luta de classes e do reconhecimento do papel da mulher.<\/p>\n<p>[\/vc_column_text][\/vc_column][\/vc_row][vc_row][vc_column][vc_column_text]<\/p>\n<h3>ADQUIRA TAMB\u00c9M EM NOSSOS PARCEIROS<\/h3>\n<p>[\/vc_column_text][\/vc_column][\/vc_row][vc_row][vc_column][vc_column_text]<style type=\"text\/css\" data-type=\"the7_shortcodes-inline-css\">.carousel-shortcode.carousel-shortcode-id-999c4f6d35c2a003bbc76ba2cbae5a05 .owl-nav a {\n  width: 36px;\n  height: 36px;\n  border-radius: 500px;\n}\n.dt-arrow-border-on.carousel-shortcode.carousel-shortcode-id-999c4f6d35c2a003bbc76ba2cbae5a05 .owl-nav a:not(:hover):before {\n  border-width: 0px;\n}\n.dt-arrow-hover-border-on.carousel-shortcode.carousel-shortcode-id-999c4f6d35c2a003bbc76ba2cbae5a05 .owl-nav a:hover:after {\n  border-width: 0px;\n}\n.carousel-shortcode.carousel-shortcode-id-999c4f6d35c2a003bbc76ba2cbae5a05 .owl-nav a.owl-prev {\n  top: 50%;\n  transform: translateY(calc(-50% + 0px));\n  left: -43px;\n}\n@media all and (-ms-high-contrast: none) {\n  .carousel-shortcode.carousel-shortcode-id-999c4f6d35c2a003bbc76ba2cbae5a05 .owl-nav a.owl-prev {\n    transform: translateY(-50%);\n    margin-top: 0px;\n  }\n}\n.carousel-shortcode.carousel-shortcode-id-999c4f6d35c2a003bbc76ba2cbae5a05 .owl-nav a.owl-prev i {\n  padding: 0px 0px 0px 0px;\n}\n.carousel-shortcode.carousel-shortcode-id-999c4f6d35c2a003bbc76ba2cbae5a05 .owl-nav a.owl-next {\n  top: 50%;\n  transform: translateY(calc(-50% + 0px));\n  right: -43px;\n}\n@media all and (-ms-high-contrast: none) {\n  .carousel-shortcode.carousel-shortcode-id-999c4f6d35c2a003bbc76ba2cbae5a05 .owl-nav a.owl-next {\n    transform: translateY(-50%);\n    margin-top: 0px;\n  }\n}\n.carousel-shortcode.carousel-shortcode-id-999c4f6d35c2a003bbc76ba2cbae5a05 .owl-nav a.owl-next i {\n  padding: 0px 0px 0px 0px;\n}\n.carousel-shortcode.carousel-shortcode-id-999c4f6d35c2a003bbc76ba2cbae5a05 .owl-nav i {\n  font-size: 18px;\n}\n.carousel-shortcode.carousel-shortcode-id-999c4f6d35c2a003bbc76ba2cbae5a05 .owl-nav a:not(:hover) i,\n.carousel-shortcode.carousel-shortcode-id-999c4f6d35c2a003bbc76ba2cbae5a05 .owl-nav a:not(:hover) i:before {\n  color: #ffffff;\n  background: none;\n}\n.carousel-shortcode.carousel-shortcode-id-999c4f6d35c2a003bbc76ba2cbae5a05 .owl-nav a:hover i,\n.carousel-shortcode.carousel-shortcode-id-999c4f6d35c2a003bbc76ba2cbae5a05 .owl-nav a:hover i:before {\n  color: rgba(255,255,255,0.75);\n  background: none;\n}\n.carousel-shortcode.carousel-shortcode-id-999c4f6d35c2a003bbc76ba2cbae5a05 .owl-dots {\n  top: calc(100% + 20px);\n  left: 50%;\n  transform: translateX(calc(-50% + 0px));\n}\n@media all and (-ms-high-contrast: none) {\n  .carousel-shortcode.carousel-shortcode-id-999c4f6d35c2a003bbc76ba2cbae5a05 .owl-dots {\n    transform: translateX(-50%);\n    margin-left: 0px;\n  }\n}\n.carousel-shortcode.carousel-shortcode-id-999c4f6d35c2a003bbc76ba2cbae5a05 .owl-dot {\n  width: 10px;\n  height: 10px;\n  margin: 0 8px;\n}\n@media screen and (max-width: 778px) {\n  .carousel-shortcode.carousel-shortcode-id-999c4f6d35c2a003bbc76ba2cbae5a05.hide-arrows .owl-nav a {\n    display: none;\n  }\n}\n@media screen and (max-width: 778px) {\n  .carousel-shortcode.carousel-shortcode-id-999c4f6d35c2a003bbc76ba2cbae5a05.reposition-arrows .owl-nav .owl-prev {\n    top: 50%;\n    transform: translateY(calc(-50% + 0px));\n    left: 10px;\n  }\n  .carousel-shortcode.carousel-shortcode-id-999c4f6d35c2a003bbc76ba2cbae5a05.reposition-arrows .owl-nav .owl-next {\n    top: 50%;\n    transform: translateY(calc(-50% + 0px));\n    right: 10px;\n  }\n}\n@media screen and (max-width: 778px) and all and (-ms-high-contrast: none) {\n  .carousel-shortcode.carousel-shortcode-id-999c4f6d35c2a003bbc76ba2cbae5a05.reposition-arrows .owl-nav .owl-prev {\n    transform: translateY(-50%);\n    margin-top: 0px;\n  }\n}\n@media screen and (max-width: 778px) and all and (-ms-high-contrast: none) {\n  .carousel-shortcode.carousel-shortcode-id-999c4f6d35c2a003bbc76ba2cbae5a05.reposition-arrows .owl-nav .owl-next {\n    transform: translateY(-50%);\n    margin-top: 0px;\n  }\n}\n<\/style><div class=\"owl-carousel carousel-shortcode dt-owl-carousel-call carousel-shortcode-id-999c4f6d35c2a003bbc76ba2cbae5a05 bullets-small-dot-stroke reposition-arrows arrows-bg-on dt-arrow-border-on dt-arrow-hover-border-on disable-arrows-hover-bg arrows-hover-bg-on  \" data-scroll-mode=\"1\" data-col-num=\"6\" data-wide-col-num=\"6\" data-laptop-col=\"6\" data-h-tablet-columns-num=\"3\" data-v-tablet-columns-num=\"2\" data-phone-columns-num=\"1\" data-auto-height=\"true\" data-col-gap=\"30\" data-stage-padding=\"0\" data-speed=\"600\" data-autoplay=\"false\" data-autoplay_speed=\"6000\" data-arrows=\"true\" data-bullet=\"true\" data-next-icon=\"icon-ar-017-r\" data-prev-icon=\"icon-ar-017-l\">[vc_single_image image=&#8221;1396&#8243; img_size=&#8221;full&#8221; onclick=&#8221;custom_link&#8221; img_link_target=&#8221;_blank&#8221; link=&#8221;https:\/\/www.amazon.com.br&#8221;][vc_single_image image=&#8221;1398&#8243; img_size=&#8221;full&#8221; onclick=&#8221;custom_link&#8221; img_link_target=&#8221;_blank&#8221; link=&#8221;http:\/\/www.travessa.com.br&#8221;][vc_single_image image=&#8221;1400&#8243; img_size=&#8221;full&#8221; onclick=&#8221;custom_link&#8221; img_link_target=&#8221;_blank&#8221; link=&#8221;https:\/\/www.livrariascuritiba.com.br&#8221;][vc_single_image image=&#8221;1407&#8243; img_size=&#8221;full&#8221; onclick=&#8221;custom_link&#8221; img_link_target=&#8221;_blank&#8221; link=&#8221;https:\/\/www.livrariadavila.com.br&#8221;][vc_single_image image=&#8221;1397&#8243; img_size=&#8221;full&#8221; onclick=&#8221;custom_link&#8221; img_link_target=&#8221;_blank&#8221; link=&#8221;https:\/\/www.americanas.com.br&#8221;][vc_single_image image=&#8221;1401&#8243; img_size=&#8221;full&#8221; onclick=&#8221;custom_link&#8221; img_link_target=&#8221;_blank&#8221; link=&#8221;shoptime.com.br&#8221;][vc_single_image image=&#8221;1402&#8243; img_size=&#8221;full&#8221; onclick=&#8221;custom_link&#8221; img_link_target=&#8221;_blank&#8221; link=&#8221;https:\/\/www.submarino.com.br\/&#8221;][vc_single_image image=&#8221;1412&#8243; img_size=&#8221;full&#8221; onclick=&#8221;custom_link&#8221; img_link_target=&#8221;_blank&#8221; link=&#8221;https:\/\/www.martinsfontespaulista.com.br&#8221;][vc_single_image image=&#8221;1414&#8243; img_size=&#8221;full&#8221; onclick=&#8221;custom_link&#8221; img_link_target=&#8221;_blank&#8221; link=&#8221;https:\/\/www.disal.com.br&#8221;][vc_single_image image=&#8221;1405&#8243; img_size=&#8221;full&#8221; onclick=&#8221;custom_link&#8221; img_link_target=&#8221;_blank&#8221; link=&#8221;https:\/\/www.sbs.com.br&#8221;][vc_single_image image=&#8221;1411&#8243; img_size=&#8221;full&#8221; onclick=&#8221;custom_link&#8221; img_link_target=&#8221;_blank&#8221; link=&#8221;https:\/\/www.livrarialoyola.com.br&#8221;][vc_single_image image=&#8221;1406&#8243; img_size=&#8221;full&#8221; onclick=&#8221;custom_link&#8221; img_link_target=&#8221;_blank&#8221; link=&#8221;https:\/\/www.apaginadistribuidora.com.br&#8221;][vc_single_image image=&#8221;1416&#8243; img_size=&#8221;full&#8221; onclick=&#8221;custom_link&#8221; img_link_target=&#8221;_blank&#8221; link=&#8221;https:\/\/www.mercadolivre.com.br&#8221;][vc_single_image image=&#8221;1410&#8243; img_size=&#8221;full&#8221; onclick=&#8221;custom_link&#8221; img_link_target=&#8221;_blank&#8221; link=&#8221;https:\/\/www.livrariavozes.com.br&#8221;][vc_single_image image=&#8221;1417&#8243; img_size=&#8221;full&#8221; onclick=&#8221;custom_link&#8221; img_link_target=&#8221;_blank&#8221; link=&#8221;https:\/\/www.facebook.com\/consulato.livraria\/&#8221;]<\/div>[\/vc_column_text][\/vc_column][\/vc_row]<\/p>\n","protected":false},"excerpt":{"rendered":"<p>AUTOR: <a title=\"Virginia Woolf \u2013 (1882-1941)\" href=\"https:\/\/editoralandmark.com.br\/v2.0\/2022\/01\/22\/virginia-woolf-1882-1941\/\" target=\"_blank\" rel=\"noopener\">VIRGINIA WOOLF<\/a><br \/>\nTRADU\u00c7\u00c3O E NOTAS: DORIS GOETTEMS<br \/>\nADAPTA\u00c7\u00c3O: ***************<br \/>\nILUSTRADOR: ***************<br \/>\nIDIOMA: PORTUGU\u00caS-INGL\u00caS<br \/>\nLAN\u00c7AMENTO: 08\/2013<br \/>\nACABAMENTO: CAPA DURA<br \/>\nFORMATO: 16CM X 23CM<br \/>\nP\u00c1GINAS: 256<br \/>\nPESO: 350 G<br \/>\nISBN: 9788580700275<br \/>\nISBN DIGITAL: 9788580700282<\/p>\n","protected":false},"featured_media":458,"template":"","meta":[],"product_brand":[],"product_cat":[18,21,30,36],"product_tag":[64],"class_list":{"0":"post-457","1":"product","2":"type-product","3":"status-publish","4":"has-post-thumbnail","6":"product_cat-classicos-mundiais","7":"product_cat-edicao-bilingue","8":"product_cat-literatura-inglesa","9":"product_cat-romance","10":"product_tag-livros","11":"product_shipping_class-correios","12":"description-off","14":"first","15":"outofstock","16":"shipping-taxable","17":"purchasable","18":"product-type-simple"},"aioseo_notices":[],"_links":{"self":[{"href":"https:\/\/editoralandmark.com.br\/v2.0\/wp-json\/wp\/v2\/product\/457","targetHints":{"allow":["GET"]}}],"collection":[{"href":"https:\/\/editoralandmark.com.br\/v2.0\/wp-json\/wp\/v2\/product"}],"about":[{"href":"https:\/\/editoralandmark.com.br\/v2.0\/wp-json\/wp\/v2\/types\/product"}],"wp:featuredmedia":[{"embeddable":true,"href":"https:\/\/editoralandmark.com.br\/v2.0\/wp-json\/wp\/v2\/media\/458"}],"wp:attachment":[{"href":"https:\/\/editoralandmark.com.br\/v2.0\/wp-json\/wp\/v2\/media?parent=457"}],"wp:term":[{"taxonomy":"product_brand","embeddable":true,"href":"https:\/\/editoralandmark.com.br\/v2.0\/wp-json\/wp\/v2\/product_brand?post=457"},{"taxonomy":"product_cat","embeddable":true,"href":"https:\/\/editoralandmark.com.br\/v2.0\/wp-json\/wp\/v2\/product_cat?post=457"},{"taxonomy":"product_tag","embeddable":true,"href":"https:\/\/editoralandmark.com.br\/v2.0\/wp-json\/wp\/v2\/product_tag?post=457"}],"curies":[{"name":"wp","href":"https:\/\/api.w.org\/{rel}","templated":true}]}}