{"id":463,"date":"2010-11-20T15:54:26","date_gmt":"2010-11-20T17:54:26","guid":{"rendered":"https:\/\/editoralandmark.com.br\/v2.0\/?post_type=product&#038;p=463"},"modified":"2024-03-27T14:42:21","modified_gmt":"2024-03-27T17:42:21","slug":"o-riquixa-fantasma-e-outros-contos-misteriosos-the-phantom-rickshaw-and-other-eerie-tales","status":"publish","type":"product","link":"https:\/\/editoralandmark.com.br\/v2.0\/produto\/o-riquixa-fantasma-e-outros-contos-misteriosos-the-phantom-rickshaw-and-other-eerie-tales\/","title":{"rendered":"O RIQUIX\u00c1 FANTASMA E OUTROS CONTOS MISTERIOSOS: THE PHANTOM RICKSHAW AND OTHER EERIE TALES"},"content":{"rendered":"<p style=\"text-align: justify;\">O RIQUIX\u00c1 FANTASMA E OUTROS CONTOS MISTERIOSOS: THE PHANTOM RICKSHAW AND OTHER EERIE TALES foi publicado em 1888 e \u00e9 uma cole\u00e7\u00e3o de contos misteriosos e de fantasmas, repletos de conte\u00fado moral, escritos por Rudyard Kipling. As hist\u00f3rias inclu\u00eddas nesta cole\u00e7\u00e3o s\u00e3o os seguintes:<\/p>\n<p style=\"text-align: justify;\">O RIQUIX\u00c1 FANTASMA: Ap\u00f3s um caso com uma mulher inglesa da sociedade local, o narrador a repudia e fica noivo de outra mulher. No entanto, a primeira continuamente reaparece em sua vida, implorando-lhe que reconsidere, mas este a rejeita definitivamente. Uma morte inesperada, apari\u00e7\u00f5es fantasmag\u00f3ricas e uma revela\u00e7\u00e3o inusitada, levam a hist\u00f3ria a um caminho surpreendente que s\u00f3 a maestria de Kipling seria capaz de produzir.<\/p>\n<p style=\"text-align: justify;\">MINHA HIST\u00d3RIA VERDADEIRA SOBRE FANTASMA: O narrador, ao permanecer em um bangal\u00f4 em Katmal, \u00cdndia, ouve algu\u00e9m na sala ao lado jogando bilhar. Ele acha que \u00e9 um grupo que acabou de chegar e que estava hospedado no local. Na manh\u00e3 seguinte, ele se queixa, apenas para descobrir que uma surpreendente revela\u00e7\u00e3o seria lhe apresentada.<\/p>\n<p style=\"text-align: justify;\">A ESTRANHA CAVALGADA DE MORROWBIE JUKES: Em uma noite, Morrowbie Jukes, um ingl\u00eas, se sente um pouco febril e \u00e9 incomodado pelos latidos dos c\u00e3es fora de sua barraca. Ao persegui-los cai de seu cavalo e fica preso em um banco de areia junto a um rio, onde passa a noite para descobrir, na manh\u00e3 seguinte que \u00e9 prisioneiro de uma col\u00f4nia de leprosos. Uma ajuda inesperada e uma revela\u00e7\u00e3o surpreendente levar\u00e1 Jukes por caminhos nunca antes sonhados por ele antes.<\/p>\n<p style=\"text-align: justify;\">O HOMEM QUE QUERIA SER REI: O conto narra as aventuras de dois militares ingleses pelas col\u00f4nias brit\u00e2nicas da \u00cdndia e da \u00c1sia atr\u00e1s de fama e fortuna, vivendo de golpes e de pequenos contrabandos. Decidem sair do ex\u00e9rcito e apresentam-se como divindades no misterioso reino do Kafirist\u00e3o &#8211; uma terra onde nenhum homem ocidental aparecia desde Alexandre, o Grande. Narrado em flashback por um velho aparentemente perturbado ao pr\u00f3prio Rudyard Kipling, na reda\u00e7\u00e3o de seu jornal em Lahore, no atual Paquist\u00e3o.Considerados seres divinos pelos habitantes locais, ap\u00f3s um dos personagens ser ferido em uma batalha por uma flecha, sem sangrar nem morrer, pois a flecha na verdade entrou numa bandoleira de couro que ele usava embaixo da roupa, os dois usufruem a realeza lhes concedida pela popula\u00e7\u00e3o, at\u00e9 serem desmascarados.O velho que conta a hist\u00f3ria a Kipling \u00e9 Peachey Carnehan, um dos dois militares e o sobrevivente da aventura. Trata-se de uma hist\u00f3ria fundamentada na filosofia ma\u00e7\u00f4nica e tr\u00e1s dentro de seu contexto v\u00e1rios ensinamento da Ordem. Um de seus principais ensinamentos alude \u00e0 ambi\u00e7\u00e3o dos Homens que em nome do poder e da vaidade acabam perdendo at\u00e9 mesmo o seu mais precioso bem, a vida.<\/p>\n","protected":false},"excerpt":{"rendered":"<p>AUTOR: <a title=\"Rudyard Kipling \u2013 (1865-1936)\" href=\"https:\/\/editoralandmark.com.br\/v2.0\/2022\/01\/22\/rudyard-kipling-1865-1936\/\" target=\"_blank\" rel=\"noopener\">RUDYARD KIPLING<\/a><br \/>\nTRADU\u00c7\u00c3O E NOTAS: LUCIANA SALGADO<br \/>\nADAPTA\u00c7\u00c3O: ***************<br \/>\nILUSTRADOR: ***************<br \/>\nIDIOMA: PORTUGU\u00caS-INGL\u00caS<br \/>\nLAN\u00c7AMENTO: 11\/2010<br \/>\nACABAMENTO: EPUB<br \/>\nFORMATO: 14CM X 21CM<br \/>\nP\u00c1GINAS: 224<br \/>\nPESO: 0 G<br \/>\nISBN: 9788588781931<br \/>\nISBN DIGITAL: 9788588781573<\/p>\n","protected":false},"featured_media":464,"template":"","meta":[],"product_brand":[],"product_cat":[18,19,21,30,33],"product_tag":[64],"class_list":{"0":"post-463","1":"product","2":"type-product","3":"status-publish","4":"has-post-thumbnail","6":"product_cat-classicos-mundiais","7":"product_cat-contos","8":"product_cat-edicao-bilingue","9":"product_cat-literatura-inglesa","10":"product_cat-livro-digital","11":"product_tag-livros","12":"product_shipping_class-correios","13":"description-off","15":"first","16":"instock","17":"virtual","18":"purchasable","19":"product-type-simple"},"aioseo_notices":[],"_links":{"self":[{"href":"https:\/\/editoralandmark.com.br\/v2.0\/wp-json\/wp\/v2\/product\/463","targetHints":{"allow":["GET"]}}],"collection":[{"href":"https:\/\/editoralandmark.com.br\/v2.0\/wp-json\/wp\/v2\/product"}],"about":[{"href":"https:\/\/editoralandmark.com.br\/v2.0\/wp-json\/wp\/v2\/types\/product"}],"wp:featuredmedia":[{"embeddable":true,"href":"https:\/\/editoralandmark.com.br\/v2.0\/wp-json\/wp\/v2\/media\/464"}],"wp:attachment":[{"href":"https:\/\/editoralandmark.com.br\/v2.0\/wp-json\/wp\/v2\/media?parent=463"}],"wp:term":[{"taxonomy":"product_brand","embeddable":true,"href":"https:\/\/editoralandmark.com.br\/v2.0\/wp-json\/wp\/v2\/product_brand?post=463"},{"taxonomy":"product_cat","embeddable":true,"href":"https:\/\/editoralandmark.com.br\/v2.0\/wp-json\/wp\/v2\/product_cat?post=463"},{"taxonomy":"product_tag","embeddable":true,"href":"https:\/\/editoralandmark.com.br\/v2.0\/wp-json\/wp\/v2\/product_tag?post=463"}],"curies":[{"name":"wp","href":"https:\/\/api.w.org\/{rel}","templated":true}]}}