{"id":470,"date":"2011-01-20T16:05:11","date_gmt":"2011-01-20T18:05:11","guid":{"rendered":"https:\/\/editoralandmark.com.br\/v2.0\/?post_type=product&#038;p=470"},"modified":"2024-03-27T14:42:20","modified_gmt":"2024-03-27T17:42:20","slug":"norte-e-sul-north-and-south","status":"publish","type":"product","link":"https:\/\/editoralandmark.com.br\/v2.0\/produto\/norte-e-sul-north-and-south\/","title":{"rendered":"NORTE E SUL: NORTH AND SOUTH"},"content":{"rendered":"<p>[vc_row][vc_column][vc_column_text]<\/p>\n<p style=\"text-align: justify;\">NORTE E SUL: NORTH AND SOUTH \u00e9 um romance de Elizabeth Gaskell, publicado em forma de livro pela primeira vez em 1855, sendo que j\u00e1 havia sido publicado inicialmente na revista liter\u00e1ria \u201cHousehold Words\u201d, de propriedade de Charles Dickens, entre setembro de 1854 e janeiro de 1855 em 22 partes semanais. Conhecido inicialmente por \u201cMargaret Hale\u201d, teve seu t\u00edtulo alterado por press\u00e3o de seus editores para \u201cNorth and South\u201d, demonstrando melhor o tema geral do livro: o contraste existente entre o modo de vida da Inglaterra industrializada do norte e da Inglaterra rural e inocente do sul, em uma \u00e9poca fortemente marcada pela revolu\u00e7\u00e3o industrial do s\u00e9culo XIX.<\/p>\n<p style=\"text-align: justify;\">Quando a hist\u00f3ria foi publicada como um livro em 1855, esta incluiu um pref\u00e1cio afirmando que por causa das restri\u00e7\u00f5es do formato da revista, a autora foi incapaz de desenvolver a hist\u00f3ria como desejava e, deste modo, \u201cv\u00e1rias passagens curtas foram inseridas, e v\u00e1rios novos cap\u00edtulos adicionados\u201d.\u00a0O livro \u00e9 um romance social que tenta demonstrar a vida e os conflitos existentes no norte industrializado dos meados do s\u00e9culo 19, atrav\u00e9s das impress\u00f5es de uma jovem nascida nas regi\u00f5es rurais da Inglaterra. A hero\u00edna da hist\u00f3ria, Margaret Hale, \u00e9 filha de um ministro religioso que se muda para a cidade fict\u00edcia de Milton, cujo modelo era a cidade de Manchester, onde Elizabeth Gaskell morou em companhia de seu marido e trabalhou em a\u00e7\u00f5es filantr\u00f3picas junto aos pobres da cidade e conheceu de perto as mis\u00e9rias das \u00e1reas industriais.\u00a0Para a protagonista, o sul onde havia nascido simbolizava o id\u00edlio rural, o triunfo da harmonia social e do decoro, contrapondo-se com o norte e seu ambiente sujo, rude e violento. Na medida em que conhece a dif\u00edcil realidade da popula\u00e7\u00e3o local, ocorre ent\u00e3o a forma\u00e7\u00e3o de novas amizades e uma crescente atra\u00e7\u00e3o por John Thornton, dono de uma f\u00e1brica t\u00eaxtil local.<\/p>\n<p style=\"text-align: justify;\">A mudan\u00e7a no estilo de vida choca Margaret que simpatiza profundamente com a pobreza e as dificuldades vividas pelos trabalhadores urbanos. Ap\u00f3s um encontro com um grupo de grevistas, no qual Margaret tenta proteger Thornton da viol\u00eancia dos manifestantes, os dois se apaixonam, entretanto, uma s\u00e9rie de conflitos e desencontros at\u00e9 o derradeiro reencontro, onde cada um dos personagens ter\u00e1 que rever seus preconceitos, chegando \u00e0 madura aceita\u00e7\u00e3o de si mesmos e de seus sentimentos.<\/p>\n<p>[\/vc_column_text][\/vc_column][\/vc_row][vc_row][vc_column][vc_column_text]<\/p>\n<h3>ADQUIRA TAMB\u00c9M EM NOSSOS PARCEIROS<\/h3>\n<p>[\/vc_column_text][\/vc_column][\/vc_row][vc_row][vc_column][vc_column_text][\/vc_column_text][\/vc_column][\/vc_row][vc_row][vc_column][vc_column_text]<style type=\"text\/css\" data-type=\"the7_shortcodes-inline-css\">.carousel-shortcode.carousel-shortcode-id-999c4f6d35c2a003bbc76ba2cbae5a05 .owl-nav a {\n  width: 36px;\n  height: 36px;\n  border-radius: 500px;\n}\n.dt-arrow-border-on.carousel-shortcode.carousel-shortcode-id-999c4f6d35c2a003bbc76ba2cbae5a05 .owl-nav a:not(:hover):before {\n  border-width: 0px;\n}\n.dt-arrow-hover-border-on.carousel-shortcode.carousel-shortcode-id-999c4f6d35c2a003bbc76ba2cbae5a05 .owl-nav a:hover:after {\n  border-width: 0px;\n}\n.carousel-shortcode.carousel-shortcode-id-999c4f6d35c2a003bbc76ba2cbae5a05 .owl-nav a.owl-prev {\n  top: 50%;\n  transform: translateY(calc(-50% + 0px));\n  left: -43px;\n}\n@media all and (-ms-high-contrast: none) {\n  .carousel-shortcode.carousel-shortcode-id-999c4f6d35c2a003bbc76ba2cbae5a05 .owl-nav a.owl-prev {\n    transform: translateY(-50%);\n    margin-top: 0px;\n  }\n}\n.carousel-shortcode.carousel-shortcode-id-999c4f6d35c2a003bbc76ba2cbae5a05 .owl-nav a.owl-prev i {\n  padding: 0px 0px 0px 0px;\n}\n.carousel-shortcode.carousel-shortcode-id-999c4f6d35c2a003bbc76ba2cbae5a05 .owl-nav a.owl-next {\n  top: 50%;\n  transform: translateY(calc(-50% + 0px));\n  right: -43px;\n}\n@media all and (-ms-high-contrast: none) {\n  .carousel-shortcode.carousel-shortcode-id-999c4f6d35c2a003bbc76ba2cbae5a05 .owl-nav a.owl-next {\n    transform: translateY(-50%);\n    margin-top: 0px;\n  }\n}\n.carousel-shortcode.carousel-shortcode-id-999c4f6d35c2a003bbc76ba2cbae5a05 .owl-nav a.owl-next i {\n  padding: 0px 0px 0px 0px;\n}\n.carousel-shortcode.carousel-shortcode-id-999c4f6d35c2a003bbc76ba2cbae5a05 .owl-nav i {\n  font-size: 18px;\n}\n.carousel-shortcode.carousel-shortcode-id-999c4f6d35c2a003bbc76ba2cbae5a05 .owl-nav a:not(:hover) i,\n.carousel-shortcode.carousel-shortcode-id-999c4f6d35c2a003bbc76ba2cbae5a05 .owl-nav a:not(:hover) i:before {\n  color: #ffffff;\n  background: none;\n}\n.carousel-shortcode.carousel-shortcode-id-999c4f6d35c2a003bbc76ba2cbae5a05 .owl-nav a:hover i,\n.carousel-shortcode.carousel-shortcode-id-999c4f6d35c2a003bbc76ba2cbae5a05 .owl-nav a:hover i:before {\n  color: rgba(255,255,255,0.75);\n  background: none;\n}\n.carousel-shortcode.carousel-shortcode-id-999c4f6d35c2a003bbc76ba2cbae5a05 .owl-dots {\n  top: calc(100% + 20px);\n  left: 50%;\n  transform: translateX(calc(-50% + 0px));\n}\n@media all and (-ms-high-contrast: none) {\n  .carousel-shortcode.carousel-shortcode-id-999c4f6d35c2a003bbc76ba2cbae5a05 .owl-dots {\n    transform: translateX(-50%);\n    margin-left: 0px;\n  }\n}\n.carousel-shortcode.carousel-shortcode-id-999c4f6d35c2a003bbc76ba2cbae5a05 .owl-dot {\n  width: 10px;\n  height: 10px;\n  margin: 0 8px;\n}\n@media screen and (max-width: 778px) {\n  .carousel-shortcode.carousel-shortcode-id-999c4f6d35c2a003bbc76ba2cbae5a05.hide-arrows .owl-nav a {\n    display: none;\n  }\n}\n@media screen and (max-width: 778px) {\n  .carousel-shortcode.carousel-shortcode-id-999c4f6d35c2a003bbc76ba2cbae5a05.reposition-arrows .owl-nav .owl-prev {\n    top: 50%;\n    transform: translateY(calc(-50% + 0px));\n    left: 10px;\n  }\n  .carousel-shortcode.carousel-shortcode-id-999c4f6d35c2a003bbc76ba2cbae5a05.reposition-arrows .owl-nav .owl-next {\n    top: 50%;\n    transform: translateY(calc(-50% + 0px));\n    right: 10px;\n  }\n}\n@media screen and (max-width: 778px) and all and (-ms-high-contrast: none) {\n  .carousel-shortcode.carousel-shortcode-id-999c4f6d35c2a003bbc76ba2cbae5a05.reposition-arrows .owl-nav .owl-prev {\n    transform: translateY(-50%);\n    margin-top: 0px;\n  }\n}\n@media screen and (max-width: 778px) and all and (-ms-high-contrast: none) {\n  .carousel-shortcode.carousel-shortcode-id-999c4f6d35c2a003bbc76ba2cbae5a05.reposition-arrows .owl-nav .owl-next {\n    transform: translateY(-50%);\n    margin-top: 0px;\n  }\n}\n<\/style><div class=\"owl-carousel carousel-shortcode dt-owl-carousel-call carousel-shortcode-id-999c4f6d35c2a003bbc76ba2cbae5a05 bullets-small-dot-stroke reposition-arrows arrows-bg-on dt-arrow-border-on dt-arrow-hover-border-on disable-arrows-hover-bg arrows-hover-bg-on  \" data-scroll-mode=\"1\" data-col-num=\"6\" data-wide-col-num=\"6\" data-laptop-col=\"6\" data-h-tablet-columns-num=\"3\" data-v-tablet-columns-num=\"2\" data-phone-columns-num=\"1\" data-auto-height=\"true\" data-col-gap=\"30\" data-stage-padding=\"0\" data-speed=\"600\" data-autoplay=\"false\" data-autoplay_speed=\"6000\" data-arrows=\"true\" data-bullet=\"true\" data-next-icon=\"icon-ar-017-r\" data-prev-icon=\"icon-ar-017-l\">[vc_single_image image=&#8221;1396&#8243; img_size=&#8221;full&#8221; onclick=&#8221;custom_link&#8221; img_link_target=&#8221;_blank&#8221; link=&#8221;https:\/\/www.amazon.com.br&#8221;][vc_single_image image=&#8221;1398&#8243; img_size=&#8221;full&#8221; onclick=&#8221;custom_link&#8221; img_link_target=&#8221;_blank&#8221; link=&#8221;http:\/\/www.travessa.com.br&#8221;][vc_single_image image=&#8221;1400&#8243; img_size=&#8221;full&#8221; onclick=&#8221;custom_link&#8221; img_link_target=&#8221;_blank&#8221; link=&#8221;https:\/\/www.livrariascuritiba.com.br&#8221;][vc_single_image image=&#8221;1407&#8243; img_size=&#8221;full&#8221; onclick=&#8221;custom_link&#8221; img_link_target=&#8221;_blank&#8221; link=&#8221;https:\/\/www.livrariadavila.com.br&#8221;][vc_single_image image=&#8221;1397&#8243; img_size=&#8221;full&#8221; onclick=&#8221;custom_link&#8221; img_link_target=&#8221;_blank&#8221; link=&#8221;https:\/\/www.americanas.com.br&#8221;][vc_single_image image=&#8221;1401&#8243; img_size=&#8221;full&#8221; onclick=&#8221;custom_link&#8221; img_link_target=&#8221;_blank&#8221; link=&#8221;shoptime.com.br&#8221;][vc_single_image image=&#8221;1402&#8243; img_size=&#8221;full&#8221; onclick=&#8221;custom_link&#8221; img_link_target=&#8221;_blank&#8221; link=&#8221;https:\/\/www.submarino.com.br\/&#8221;][vc_single_image image=&#8221;1412&#8243; img_size=&#8221;full&#8221; onclick=&#8221;custom_link&#8221; img_link_target=&#8221;_blank&#8221; link=&#8221;https:\/\/www.martinsfontespaulista.com.br&#8221;][vc_single_image image=&#8221;1414&#8243; img_size=&#8221;full&#8221; onclick=&#8221;custom_link&#8221; img_link_target=&#8221;_blank&#8221; link=&#8221;https:\/\/www.disal.com.br&#8221;][vc_single_image image=&#8221;1405&#8243; img_size=&#8221;full&#8221; onclick=&#8221;custom_link&#8221; img_link_target=&#8221;_blank&#8221; link=&#8221;https:\/\/www.sbs.com.br&#8221;][vc_single_image image=&#8221;1411&#8243; img_size=&#8221;full&#8221; onclick=&#8221;custom_link&#8221; img_link_target=&#8221;_blank&#8221; link=&#8221;https:\/\/www.livrarialoyola.com.br&#8221;][vc_single_image image=&#8221;1406&#8243; img_size=&#8221;full&#8221; onclick=&#8221;custom_link&#8221; img_link_target=&#8221;_blank&#8221; link=&#8221;https:\/\/www.apaginadistribuidora.com.br&#8221;][vc_single_image image=&#8221;1416&#8243; img_size=&#8221;full&#8221; onclick=&#8221;custom_link&#8221; img_link_target=&#8221;_blank&#8221; link=&#8221;https:\/\/www.mercadolivre.com.br&#8221;][vc_single_image image=&#8221;1413&#8243; img_size=&#8221;full&#8221; onclick=&#8221;custom_link&#8221; img_link_target=&#8221;_blank&#8221; link=&#8221;https:\/\/www3.livrariacultura.com.br&#8221;][vc_single_image image=&#8221;1410&#8243; img_size=&#8221;full&#8221; onclick=&#8221;custom_link&#8221; img_link_target=&#8221;_blank&#8221; link=&#8221;https:\/\/www.livrariavozes.com.br&#8221;][vc_single_image image=&#8221;1417&#8243; img_size=&#8221;full&#8221; onclick=&#8221;custom_link&#8221; img_link_target=&#8221;_blank&#8221; link=&#8221;https:\/\/www.facebook.com\/consulato.livraria\/&#8221;]<\/div>[\/vc_column_text][\/vc_column][\/vc_row][\/vc_column_text][\/vc_column][\/vc_row]<\/p>\n","protected":false},"excerpt":{"rendered":"<p>AUTOR: <a title=\"Elizabeth Gaskell \u2013 (1810-1865)\" href=\"https:\/\/editoralandmark.com.br\/v2.0\/2022\/01\/22\/elizabeth-gaskell-1810-1865\/\" target=\"_blank\" rel=\"noopener\">ELIZABETH GASKELL<\/a><br \/>\nTRADU\u00c7\u00c3O E NOTAS: DORIS GOETTEMS<br \/>\nADAPTA\u00c7\u00c3O:\u00a0***************<br \/>\nILUSTRADOR:\u00a0***************<br \/>\nIDIOMA:\u00a0PORTUGU\u00caS-INGL\u00caS<br \/>\nLAN\u00c7AMENTO: 01\/2011<br \/>\nACABAMENTO: BROCHURA<br \/>\nFORMATO:\u00a016CM X 23CM<br \/>\nP\u00c1GINAS: 544<br \/>\nPESO: 720 G<br \/>\nISBN: 9788588781979<\/p>\n","protected":false},"featured_media":471,"template":"","meta":[],"product_brand":[],"product_cat":[18,21,30,36],"product_tag":[64],"class_list":{"0":"post-470","1":"product","2":"type-product","3":"status-publish","4":"has-post-thumbnail","6":"product_cat-classicos-mundiais","7":"product_cat-edicao-bilingue","8":"product_cat-literatura-inglesa","9":"product_cat-romance","10":"product_tag-livros","11":"product_shipping_class-correios","12":"description-off","14":"first","15":"outofstock","16":"shipping-taxable","17":"purchasable","18":"product-type-simple"},"aioseo_notices":[],"_links":{"self":[{"href":"https:\/\/editoralandmark.com.br\/v2.0\/wp-json\/wp\/v2\/product\/470","targetHints":{"allow":["GET"]}}],"collection":[{"href":"https:\/\/editoralandmark.com.br\/v2.0\/wp-json\/wp\/v2\/product"}],"about":[{"href":"https:\/\/editoralandmark.com.br\/v2.0\/wp-json\/wp\/v2\/types\/product"}],"wp:featuredmedia":[{"embeddable":true,"href":"https:\/\/editoralandmark.com.br\/v2.0\/wp-json\/wp\/v2\/media\/471"}],"wp:attachment":[{"href":"https:\/\/editoralandmark.com.br\/v2.0\/wp-json\/wp\/v2\/media?parent=470"}],"wp:term":[{"taxonomy":"product_brand","embeddable":true,"href":"https:\/\/editoralandmark.com.br\/v2.0\/wp-json\/wp\/v2\/product_brand?post=470"},{"taxonomy":"product_cat","embeddable":true,"href":"https:\/\/editoralandmark.com.br\/v2.0\/wp-json\/wp\/v2\/product_cat?post=470"},{"taxonomy":"product_tag","embeddable":true,"href":"https:\/\/editoralandmark.com.br\/v2.0\/wp-json\/wp\/v2\/product_tag?post=470"}],"curies":[{"name":"wp","href":"https:\/\/api.w.org\/{rel}","templated":true}]}}