{"id":472,"date":"2003-09-20T16:07:29","date_gmt":"2003-09-20T19:07:29","guid":{"rendered":"https:\/\/editoralandmark.com.br\/v2.0\/?post_type=product&#038;p=472"},"modified":"2024-03-27T14:42:23","modified_gmt":"2024-03-27T17:42:23","slug":"a-chave-de-hiram","status":"publish","type":"product","link":"https:\/\/editoralandmark.com.br\/v2.0\/produto\/a-chave-de-hiram\/","title":{"rendered":"A CHAVE DE HIRAM"},"content":{"rendered":"<p style=\"text-align: justify;\">No centro das lendas ma\u00e7\u00f4nicas est\u00e1 um personagem denominado Hiram Abiff que, de acordo com o que se conta a todos os Ma\u00e7ons, foi assassinado h\u00e1 quase dois mil anos atr\u00e1s durante a constru\u00e7\u00e3o do Templo do Rei Salom\u00e3o. Este homem \u00e9 um enigma absoluto. As pesquisas de Christopher Knight e Robert Lomas levaram inicialmente \u00e0 reconstru\u00e7\u00e3o do ritual de mais de quatro mil anos de idade que o Egito utilizava para feitura dos seus reis: isso levou-os a desvendar um assassinato que ocorreu por volta de 1570 a.C., e que deu origem \u00e0 cerim\u00f4nia de ressurrei\u00e7\u00e3o que \u00e9 a antecedente direta da moderna Ma\u00e7onaria.<\/p>\n<p style=\"text-align: justify;\">Durante quatro dos seis anos que gastaram nessa pesquisa, os conceituados autores acreditaram que a personagem principal das lendas ma\u00e7\u00f4nicas fosse uma cria\u00e7\u00e3o simb\u00f3lica, mas ent\u00e3o, das brumas do tempo, surge uma figura hist\u00f3rica para provar-se extremamente real. As contor\u00e7\u00f5es intelectuais e as elaboradas conclus\u00f5es que previamente formaram a vis\u00e3o coletiva que a sociedade ocidental tem do seu passado deram lugar a uma ordem simples e l\u00f3gica. Em flagrante contraste com o que hoje se acredita ser fato, o mundo ocidental na verdade se desenvolveu de acordo com uma filosofia muito antiga, codificada em um sistema secreto que s\u00f3 veio \u00e0 superf\u00edcie em tr\u00eas momentos cruciais nos \u00faltimos tr\u00eas mil anos.<\/p>\n<p style=\"text-align: justify;\">A prova final das suas descobertas pode certamente tornar-se a maior descoberta arqueol\u00f3gica do s\u00e9culo: a localiza\u00e7\u00e3o dos Manuscritos de Jesus e dos seus seguidores.<\/p>\n","protected":false},"excerpt":{"rendered":"<p>AUTOR: <a title=\"Christopher Knight\" href=\"https:\/\/editoralandmark.com.br\/v2.0\/2022\/01\/22\/christopher-knight\/\" target=\"_blank\" rel=\"noopener\">CHRISTOPHER KNIGHT\u00a0<\/a>E <a href=\"https:\/\/editoralandmark.com.br\/v2.0\/2022\/02\/20\/robert-lomas\/\">ROBERT LOMAS<\/a><br \/>\nTRADU\u00c7\u00c3O E NOTAS: JOS\u00c9 RODRIGUES TRINDADE<br \/>\nADAPTA\u00c7\u00c3O:\u00a0***************<br \/>\nILUSTRADOR:\u00a0***************<br \/>\nIDIOMA: PORTUGU\u00caS<br \/>\nLAN\u00c7AMENTO: 09\/2003<br \/>\nACABAMENTO: BROCHURA<br \/>\nFORMATO:\u00a016CM X 23CM<br \/>\nP\u00c1GINAS: 377<br \/>\nPESO: 520 G<br \/>\nISBN: 9788580700565<\/p>\n","protected":false},"featured_media":473,"template":"","meta":[],"product_brand":[],"product_cat":[22,30,34],"product_tag":[64],"class_list":{"0":"post-472","1":"product","2":"type-product","3":"status-publish","4":"has-post-thumbnail","6":"product_cat-ensaios","7":"product_cat-literatura-inglesa","8":"product_cat-nao-ficcao","9":"product_tag-livros","10":"product_shipping_class-correios","11":"description-off","13":"first","14":"outofstock","15":"shipping-taxable","16":"product-type-simple"},"aioseo_notices":[],"_links":{"self":[{"href":"https:\/\/editoralandmark.com.br\/v2.0\/wp-json\/wp\/v2\/product\/472","targetHints":{"allow":["GET"]}}],"collection":[{"href":"https:\/\/editoralandmark.com.br\/v2.0\/wp-json\/wp\/v2\/product"}],"about":[{"href":"https:\/\/editoralandmark.com.br\/v2.0\/wp-json\/wp\/v2\/types\/product"}],"wp:featuredmedia":[{"embeddable":true,"href":"https:\/\/editoralandmark.com.br\/v2.0\/wp-json\/wp\/v2\/media\/473"}],"wp:attachment":[{"href":"https:\/\/editoralandmark.com.br\/v2.0\/wp-json\/wp\/v2\/media?parent=472"}],"wp:term":[{"taxonomy":"product_brand","embeddable":true,"href":"https:\/\/editoralandmark.com.br\/v2.0\/wp-json\/wp\/v2\/product_brand?post=472"},{"taxonomy":"product_cat","embeddable":true,"href":"https:\/\/editoralandmark.com.br\/v2.0\/wp-json\/wp\/v2\/product_cat?post=472"},{"taxonomy":"product_tag","embeddable":true,"href":"https:\/\/editoralandmark.com.br\/v2.0\/wp-json\/wp\/v2\/product_tag?post=472"}],"curies":[{"name":"wp","href":"https:\/\/api.w.org\/{rel}","templated":true}]}}