{"id":474,"date":"2019-08-20T16:12:48","date_gmt":"2019-08-20T19:12:48","guid":{"rendered":"https:\/\/editoralandmark.com.br\/v2.0\/?post_type=product&#038;p=474"},"modified":"2025-03-13T11:02:26","modified_gmt":"2025-03-13T14:02:26","slug":"a-confissao-de-lucio-lucios-confession","status":"publish","type":"product","link":"https:\/\/editoralandmark.com.br\/v2.0\/produto\/a-confissao-de-lucio-lucios-confession\/","title":{"rendered":"A CONFISS\u00c3O DE L\u00daCIO: LUCIO&#8217;S CONFESSION"},"content":{"rendered":"<p>[vc_row][vc_column][vc_column_text]<\/p>\n<p style=\"text-align: justify;\">A CONFISS\u00c3O DE L\u00daCIO: LUCIO&#8217;S CONFESSION, publicada pelo poeta M\u00e1rio de S\u00e1-Carneiro em 1914, e agora lan\u00e7ada em uma exclusiva edi\u00e7\u00e3o bil\u00edngue portugu\u00eas-ingl\u00eas, um ano antes do aparecimento do primeiro n\u00famero da revista Orpheu, \u00e9 uma novela que parece apresentar, atrav\u00e9s da fragmenta\u00e7\u00e3o, a exist\u00eancia de quest\u00f5es que ficam sem resposta. A repeti\u00e7\u00e3o de sil\u00eancios intervalares, os espelhamentos intertextuais como forma de dar consist\u00eancia a essa outra voz, o consciente de que tudo aquilo \u00e9 material com que se constr\u00f3i a obra de arte e cuja linguagem \u00e9 pl\u00e1stica e male\u00e1vel, criadora dum sentido provis\u00f3rio e imposs\u00edvel de fixar-se. \u00c9 considerada por Jos\u00e9 R\u00e9gio como a obra-prima de entre as novelas de M\u00e1rio de S\u00e1-Carneiro, onde est\u00e3o presentes tr\u00eas de suas obsess\u00f5es dominantes: o suic\u00eddio, o amor pervertido e o anormal avan\u00e7ando at\u00e9 a loucura.<\/p>\n<p style=\"text-align: justify;\">A CONFISS\u00c3O DE L\u00daCIO: LUCIO&#8217;S CONFESSION \u00e9 uma das obras mais importantes de M\u00e1rio de S\u00e1-Carneiro por conter tr\u00eas das suas obsess\u00f5es dominantes: o suic\u00eddio, o amor pervertido e o anormal a avan\u00e7ar at\u00e9 \u00e0 loucura, atrav\u00e9s da hist\u00f3ria dum tri\u00e2ngulo entre L\u00facio, Marta, e Ricardo \u2013 onde os estudiosos veem em Ricardo o outro de L\u00facio, e Marta a ponte de liga\u00e7\u00e3o entre eles. Apresentado sob a forma de uma confiss\u00e3o autobiogr\u00e1fica, um romance policial, a novela inicia-se com uma breve introdu\u00e7\u00e3o, em que o narrador, L\u00facio, ao assumir-se como autor, justifica o seu objetivo: confessar-se inocente ap\u00f3s ter cumprido os dez anos de pris\u00e3o a que fora condenado pelo assass\u00ednio dum amigo, Ricardo de Loureiro. O narrador promete dizer toda a verdade, mesmo quando ela \u00e9 inveross\u00edmil, sobre essa morte ocorrida em circunst\u00e2ncias misteriosas e sem testemunhas, mas considerada judicialmente como um crime passional. Por ser um texto de vanguarda, j\u00e1 que M\u00e1rio de S\u00e1-Carneiro empenhou-se na busca de novos significantes numa ruptura com o modelo centrado no c\u00f3digo princ\u00edpio-meio-fim, esta obra de fic\u00e7\u00e3o continua aberta a novos estudos e interpreta\u00e7\u00f5es. Nesta obra, ao incitar as suas personagens na busca duma transcend\u00eancia distorcida, S\u00e1-Carneiro cria uma atmosfera de exacerbado lirismo. Capaz de acrescentar um prazeroso sabor ao narrar o inarr\u00e1vel, mesmo no leitor que possui poucas fibras de sensibilidade ele \u00e9 capaz de produzir um turbilh\u00e3o interior pr\u00f3ximo ao palpitar acelerado do cora\u00e7\u00e3o quando em \u00eaxtase.<\/p>\n<p style=\"text-align: justify;\">Por ser um texto constitu\u00eddo por um realismo fant\u00e1stico e de vanguarda, j\u00e1 que M\u00e1rio de S\u00e1-Carneiro empenhou-se na busca de novos significantes em uma ruptura com o modelo centrado no c\u00f3digo princ\u00edpio-meio-fim, A CONFISS\u00c3O DE L\u00daCIO: LUCIO&#8217;S CONFESSION continua aberta a novos e amplos estudos e interpreta\u00e7\u00f5es.<\/p>\n<p>[\/vc_column_text][\/vc_column][\/vc_row][vc_row][vc_column][vc_column_text]<\/p>\n<h3>ADQUIRA TAMB\u00c9M EM NOSSOS PARCEIROS<\/h3>\n<p>[\/vc_column_text][\/vc_column][\/vc_row][vc_row][vc_column][vc_column_text]<style type=\"text\/css\" data-type=\"the7_shortcodes-inline-css\">.carousel-shortcode.carousel-shortcode-id-999c4f6d35c2a003bbc76ba2cbae5a05 .owl-nav a {\n  width: 36px;\n  height: 36px;\n  border-radius: 500px;\n}\n.dt-arrow-border-on.carousel-shortcode.carousel-shortcode-id-999c4f6d35c2a003bbc76ba2cbae5a05 .owl-nav a:not(:hover):before {\n  border-width: 0px;\n}\n.dt-arrow-hover-border-on.carousel-shortcode.carousel-shortcode-id-999c4f6d35c2a003bbc76ba2cbae5a05 .owl-nav a:hover:after {\n  border-width: 0px;\n}\n.carousel-shortcode.carousel-shortcode-id-999c4f6d35c2a003bbc76ba2cbae5a05 .owl-nav a.owl-prev {\n  top: 50%;\n  transform: translateY(calc(-50% + 0px));\n  left: -43px;\n}\n@media all and (-ms-high-contrast: none) {\n  .carousel-shortcode.carousel-shortcode-id-999c4f6d35c2a003bbc76ba2cbae5a05 .owl-nav a.owl-prev {\n    transform: translateY(-50%);\n    margin-top: 0px;\n  }\n}\n.carousel-shortcode.carousel-shortcode-id-999c4f6d35c2a003bbc76ba2cbae5a05 .owl-nav a.owl-prev i {\n  padding: 0px 0px 0px 0px;\n}\n.carousel-shortcode.carousel-shortcode-id-999c4f6d35c2a003bbc76ba2cbae5a05 .owl-nav a.owl-next {\n  top: 50%;\n  transform: translateY(calc(-50% + 0px));\n  right: -43px;\n}\n@media all and (-ms-high-contrast: none) {\n  .carousel-shortcode.carousel-shortcode-id-999c4f6d35c2a003bbc76ba2cbae5a05 .owl-nav a.owl-next {\n    transform: translateY(-50%);\n    margin-top: 0px;\n  }\n}\n.carousel-shortcode.carousel-shortcode-id-999c4f6d35c2a003bbc76ba2cbae5a05 .owl-nav a.owl-next i {\n  padding: 0px 0px 0px 0px;\n}\n.carousel-shortcode.carousel-shortcode-id-999c4f6d35c2a003bbc76ba2cbae5a05 .owl-nav i {\n  font-size: 18px;\n}\n.carousel-shortcode.carousel-shortcode-id-999c4f6d35c2a003bbc76ba2cbae5a05 .owl-nav a:not(:hover) i,\n.carousel-shortcode.carousel-shortcode-id-999c4f6d35c2a003bbc76ba2cbae5a05 .owl-nav a:not(:hover) i:before {\n  color: #ffffff;\n  background: none;\n}\n.carousel-shortcode.carousel-shortcode-id-999c4f6d35c2a003bbc76ba2cbae5a05 .owl-nav a:hover i,\n.carousel-shortcode.carousel-shortcode-id-999c4f6d35c2a003bbc76ba2cbae5a05 .owl-nav a:hover i:before {\n  color: rgba(255,255,255,0.75);\n  background: none;\n}\n.carousel-shortcode.carousel-shortcode-id-999c4f6d35c2a003bbc76ba2cbae5a05 .owl-dots {\n  top: calc(100% + 20px);\n  left: 50%;\n  transform: translateX(calc(-50% + 0px));\n}\n@media all and (-ms-high-contrast: none) {\n  .carousel-shortcode.carousel-shortcode-id-999c4f6d35c2a003bbc76ba2cbae5a05 .owl-dots {\n    transform: translateX(-50%);\n    margin-left: 0px;\n  }\n}\n.carousel-shortcode.carousel-shortcode-id-999c4f6d35c2a003bbc76ba2cbae5a05 .owl-dot {\n  width: 10px;\n  height: 10px;\n  margin: 0 8px;\n}\n@media screen and (max-width: 778px) {\n  .carousel-shortcode.carousel-shortcode-id-999c4f6d35c2a003bbc76ba2cbae5a05.hide-arrows .owl-nav a {\n    display: none;\n  }\n}\n@media screen and (max-width: 778px) {\n  .carousel-shortcode.carousel-shortcode-id-999c4f6d35c2a003bbc76ba2cbae5a05.reposition-arrows .owl-nav .owl-prev {\n    top: 50%;\n    transform: translateY(calc(-50% + 0px));\n    left: 10px;\n  }\n  .carousel-shortcode.carousel-shortcode-id-999c4f6d35c2a003bbc76ba2cbae5a05.reposition-arrows .owl-nav .owl-next {\n    top: 50%;\n    transform: translateY(calc(-50% + 0px));\n    right: 10px;\n  }\n}\n@media screen and (max-width: 778px) and all and (-ms-high-contrast: none) {\n  .carousel-shortcode.carousel-shortcode-id-999c4f6d35c2a003bbc76ba2cbae5a05.reposition-arrows .owl-nav .owl-prev {\n    transform: translateY(-50%);\n    margin-top: 0px;\n  }\n}\n@media screen and (max-width: 778px) and all and (-ms-high-contrast: none) {\n  .carousel-shortcode.carousel-shortcode-id-999c4f6d35c2a003bbc76ba2cbae5a05.reposition-arrows .owl-nav .owl-next {\n    transform: translateY(-50%);\n    margin-top: 0px;\n  }\n}\n<\/style><div class=\"owl-carousel carousel-shortcode dt-owl-carousel-call carousel-shortcode-id-999c4f6d35c2a003bbc76ba2cbae5a05 bullets-small-dot-stroke reposition-arrows arrows-bg-on dt-arrow-border-on dt-arrow-hover-border-on disable-arrows-hover-bg arrows-hover-bg-on  \" data-scroll-mode=\"1\" data-col-num=\"6\" data-wide-col-num=\"6\" data-laptop-col=\"6\" data-h-tablet-columns-num=\"3\" data-v-tablet-columns-num=\"2\" data-phone-columns-num=\"1\" data-auto-height=\"true\" data-col-gap=\"30\" data-stage-padding=\"0\" data-speed=\"600\" data-autoplay=\"false\" data-autoplay_speed=\"6000\" data-arrows=\"true\" data-bullet=\"true\" data-next-icon=\"icon-ar-017-r\" data-prev-icon=\"icon-ar-017-l\">[vc_single_image image=&#8221;1396&#8243; img_size=&#8221;full&#8221; onclick=&#8221;custom_link&#8221; img_link_target=&#8221;_blank&#8221; link=&#8221;https:\/\/www.amazon.com.br&#8221;][vc_single_image image=&#8221;1398&#8243; img_size=&#8221;full&#8221; onclick=&#8221;custom_link&#8221; img_link_target=&#8221;_blank&#8221; link=&#8221;http:\/\/www.travessa.com.br&#8221;][vc_single_image image=&#8221;1400&#8243; img_size=&#8221;full&#8221; onclick=&#8221;custom_link&#8221; img_link_target=&#8221;_blank&#8221; link=&#8221;https:\/\/www.livrariascuritiba.com.br&#8221;][vc_single_image image=&#8221;1407&#8243; img_size=&#8221;full&#8221; onclick=&#8221;custom_link&#8221; img_link_target=&#8221;_blank&#8221; link=&#8221;https:\/\/www.livrariadavila.com.br&#8221;][vc_single_image image=&#8221;1397&#8243; img_size=&#8221;full&#8221; onclick=&#8221;custom_link&#8221; img_link_target=&#8221;_blank&#8221; link=&#8221;https:\/\/www.americanas.com.br&#8221;][vc_single_image image=&#8221;1401&#8243; img_size=&#8221;full&#8221; onclick=&#8221;custom_link&#8221; img_link_target=&#8221;_blank&#8221; link=&#8221;shoptime.com.br&#8221;][vc_single_image image=&#8221;1402&#8243; img_size=&#8221;full&#8221; onclick=&#8221;custom_link&#8221; img_link_target=&#8221;_blank&#8221; link=&#8221;https:\/\/www.submarino.com.br\/&#8221;][vc_single_image image=&#8221;1412&#8243; img_size=&#8221;full&#8221; onclick=&#8221;custom_link&#8221; img_link_target=&#8221;_blank&#8221; link=&#8221;https:\/\/www.martinsfontespaulista.com.br&#8221;][vc_single_image image=&#8221;1414&#8243; img_size=&#8221;full&#8221; onclick=&#8221;custom_link&#8221; img_link_target=&#8221;_blank&#8221; link=&#8221;https:\/\/www.disal.com.br&#8221;][vc_single_image image=&#8221;1405&#8243; img_size=&#8221;full&#8221; onclick=&#8221;custom_link&#8221; img_link_target=&#8221;_blank&#8221; link=&#8221;https:\/\/www.sbs.com.br&#8221;][vc_single_image image=&#8221;1411&#8243; img_size=&#8221;full&#8221; onclick=&#8221;custom_link&#8221; img_link_target=&#8221;_blank&#8221; link=&#8221;https:\/\/www.livrarialoyola.com.br&#8221;][vc_single_image image=&#8221;1406&#8243; img_size=&#8221;full&#8221; onclick=&#8221;custom_link&#8221; img_link_target=&#8221;_blank&#8221; link=&#8221;https:\/\/www.apaginadistribuidora.com.br&#8221;][vc_single_image image=&#8221;1416&#8243; img_size=&#8221;full&#8221; onclick=&#8221;custom_link&#8221; img_link_target=&#8221;_blank&#8221; link=&#8221;https:\/\/www.mercadolivre.com.br&#8221;][vc_single_image image=&#8221;1410&#8243; img_size=&#8221;full&#8221; onclick=&#8221;custom_link&#8221; img_link_target=&#8221;_blank&#8221; link=&#8221;https:\/\/www.livrariavozes.com.br&#8221;][vc_single_image image=&#8221;1417&#8243; img_size=&#8221;full&#8221; onclick=&#8221;custom_link&#8221; img_link_target=&#8221;_blank&#8221; link=&#8221;https:\/\/www.facebook.com\/consulato.livraria\/&#8221;]<\/div>[\/vc_column_text][\/vc_column][\/vc_row]<\/p>\n","protected":false},"excerpt":{"rendered":"<p>AUTOR: <a title=\"M\u00e1rio de S\u00e1-Carneiro \u2013 (1890-1916)\" href=\"https:\/\/editoralandmark.com.br\/v2.0\/2022\/01\/22\/mario-de-sa-carneiro-1890-1916\/\" target=\"_blank\" rel=\"noopener\">M\u00c1RIO DE S\u00c1-CARNEIRO<\/a><br \/>\nTRADU\u00c7\u00c3O E NOTAS: S\u00c1VIO RAMOS SILVA<br \/>\nADAPTA\u00c7\u00c3O:\u00a0***************<br \/>\nILUSTRADOR:\u00a0***************<br \/>\nIDIOMA:\u00a0PORTUGU\u00caS-INGL\u00caS<br \/>\nLAN\u00c7AMENTO: 08\/2019<br \/>\nACABAMENTO:\u00a0CAPA DURA<br \/>\nFORMATO:\u00a016CM X 23CM<br \/>\nP\u00c1GINAS: 248<br \/>\nPESO: 300 G<br \/>\nISBN: 9788580700640<br \/>\nISBN DIGITAL: 9788580700657<\/p>\n","protected":false},"featured_media":475,"template":"","meta":[],"product_brand":[],"product_cat":[16,18,21,32,36,37],"product_tag":[64],"class_list":{"0":"post-474","1":"product","2":"type-product","3":"status-publish","4":"has-post-thumbnail","6":"product_cat-livros","7":"product_cat-classicos-mundiais","8":"product_cat-edicao-bilingue","9":"product_cat-literatura-portuguesa","10":"product_cat-romance","11":"product_cat-suspense","12":"product_tag-livros","13":"product_shipping_class-correios","14":"description-off","16":"first","17":"instock","18":"shipping-taxable","19":"purchasable","20":"product-type-simple"},"aioseo_notices":[],"_links":{"self":[{"href":"https:\/\/editoralandmark.com.br\/v2.0\/wp-json\/wp\/v2\/product\/474","targetHints":{"allow":["GET"]}}],"collection":[{"href":"https:\/\/editoralandmark.com.br\/v2.0\/wp-json\/wp\/v2\/product"}],"about":[{"href":"https:\/\/editoralandmark.com.br\/v2.0\/wp-json\/wp\/v2\/types\/product"}],"wp:featuredmedia":[{"embeddable":true,"href":"https:\/\/editoralandmark.com.br\/v2.0\/wp-json\/wp\/v2\/media\/475"}],"wp:attachment":[{"href":"https:\/\/editoralandmark.com.br\/v2.0\/wp-json\/wp\/v2\/media?parent=474"}],"wp:term":[{"taxonomy":"product_brand","embeddable":true,"href":"https:\/\/editoralandmark.com.br\/v2.0\/wp-json\/wp\/v2\/product_brand?post=474"},{"taxonomy":"product_cat","embeddable":true,"href":"https:\/\/editoralandmark.com.br\/v2.0\/wp-json\/wp\/v2\/product_cat?post=474"},{"taxonomy":"product_tag","embeddable":true,"href":"https:\/\/editoralandmark.com.br\/v2.0\/wp-json\/wp\/v2\/product_tag?post=474"}],"curies":[{"name":"wp","href":"https:\/\/api.w.org\/{rel}","templated":true}]}}