{"id":478,"date":"2009-02-20T16:22:15","date_gmt":"2009-02-20T19:22:15","guid":{"rendered":"https:\/\/editoralandmark.com.br\/v2.0\/?post_type=product&#038;p=478"},"modified":"2024-03-27T14:42:21","modified_gmt":"2024-03-27T17:42:21","slug":"o-novo-exame-da-ordem","status":"publish","type":"product","link":"https:\/\/editoralandmark.com.br\/v2.0\/produto\/o-novo-exame-da-ordem\/","title":{"rendered":"O NOVO EXAME DA ORDEM: QUEST\u00d5ES E PR\u00c1TICA PENAL"},"content":{"rendered":"<p>Equilibrando teoria e pr\u00e1tica, &#8220;O Novo Exame de Ordem: Quest\u00f5es e Pr\u00e1ticas Penal&#8221; traz centenas de perguntas, respostas e formul\u00e1rios pr\u00e1ticos que tocam situa\u00e7\u00f5es realmente vividas pelo advogado e pelo estudante de Direito em sua vida cotidiana.<\/p>\n<p>A obra permite, de modo extremamente pr\u00e1tico, que o estudante ou profissional da \u00e1rea jur\u00eddica em in\u00edcio de carreira, apreender conceitos e demais elementos do estudo necess\u00e1rio para este exame de inser\u00e7\u00e3o no mercado profissional, sendo uma fonte segura de consulta e estudos para garantir o sucesso no Exame da Ordem dos Advogados do Brasil.<\/p>\n<p>Inclui ainda o Estatuto da OAB e toda a legisla\u00e7\u00e3o relacionada \u00e0 \u00e1rea; levando em conta as diferentes regi\u00f5es do Pa\u00eds, esta obra aborda as duas fases do Exame de Ordem e enfoca v\u00e1rias quest\u00f5es pr\u00e1ticas, incluindo modelos de pe\u00e7as e um roteiro seguro a ser seguido para aumentar as possibilidades de \u00eaxito no Exame de Ordem.<\/p>\n","protected":false},"excerpt":{"rendered":"<p>AUTORES: <a title=\"Alberto Jos\u00e9 Marchi Macedo\" href=\"https:\/\/editoralandmark.com.br\/v2.0\/2022\/01\/22\/alberto-jose-marchi-macedo\/\" target=\"_blank\" rel=\"noopener\">ALBERTO JOS\u00c9 MARCHI MACEDO<\/a> \/ <a title=\"Ligia Maria F. Cyrino\" href=\"https:\/\/editoralandmark.com.br\/v2.0\/2022\/01\/22\/ligia-maria-f-cyrino\/\" target=\"_blank\" rel=\"noopener\">LIGIA MARIA F. CYRINO<\/a><br \/>\nTRADU\u00c7\u00c3O E NOTAS: ***************<br \/>\nADAPTA\u00c7\u00c3O: ***************<br \/>\nILUSTRADOR: ***************<br \/>\nIDIOMA: PORTUGU\u00caS<br \/>\nLAN\u00c7AMENTO: 01\/2010<br \/>\nACABAMENTO: BROCHURA<br \/>\nFORMATO: 16CM X 23CM<br \/>\nP\u00c1GINAS: 416<br \/>\nPESO: 572 G<br \/>\nISBN: 9788588781115<\/p>\n","protected":false},"featured_media":480,"template":"","meta":[],"product_brand":[],"product_cat":[26,34],"product_tag":[64],"class_list":{"0":"post-478","1":"product","2":"type-product","3":"status-publish","4":"has-post-thumbnail","6":"product_cat-literatura-brasileira","7":"product_cat-nao-ficcao","8":"product_tag-livros","9":"product_shipping_class-correios","10":"description-off","12":"first","13":"instock","14":"shipping-taxable","15":"purchasable","16":"product-type-simple"},"aioseo_notices":[],"_links":{"self":[{"href":"https:\/\/editoralandmark.com.br\/v2.0\/wp-json\/wp\/v2\/product\/478","targetHints":{"allow":["GET"]}}],"collection":[{"href":"https:\/\/editoralandmark.com.br\/v2.0\/wp-json\/wp\/v2\/product"}],"about":[{"href":"https:\/\/editoralandmark.com.br\/v2.0\/wp-json\/wp\/v2\/types\/product"}],"wp:featuredmedia":[{"embeddable":true,"href":"https:\/\/editoralandmark.com.br\/v2.0\/wp-json\/wp\/v2\/media\/480"}],"wp:attachment":[{"href":"https:\/\/editoralandmark.com.br\/v2.0\/wp-json\/wp\/v2\/media?parent=478"}],"wp:term":[{"taxonomy":"product_brand","embeddable":true,"href":"https:\/\/editoralandmark.com.br\/v2.0\/wp-json\/wp\/v2\/product_brand?post=478"},{"taxonomy":"product_cat","embeddable":true,"href":"https:\/\/editoralandmark.com.br\/v2.0\/wp-json\/wp\/v2\/product_cat?post=478"},{"taxonomy":"product_tag","embeddable":true,"href":"https:\/\/editoralandmark.com.br\/v2.0\/wp-json\/wp\/v2\/product_tag?post=478"}],"curies":[{"name":"wp","href":"https:\/\/api.w.org\/{rel}","templated":true}]}}