{"id":481,"date":"2010-02-20T16:25:03","date_gmt":"2010-02-20T18:25:03","guid":{"rendered":"https:\/\/editoralandmark.com.br\/v2.0\/?post_type=product&#038;p=481"},"modified":"2024-03-27T14:42:21","modified_gmt":"2024-03-27T17:42:21","slug":"o-portico-e-a-camara-do-meio-2a-edicao-revisada","status":"publish","type":"product","link":"https:\/\/editoralandmark.com.br\/v2.0\/produto\/o-portico-e-a-camara-do-meio-2a-edicao-revisada\/","title":{"rendered":"O P\u00d3RTICO E A C\u00c2MARA DO MEIO &#8211; 2\u00aa EDI\u00c7\u00c3O REVISADA"},"content":{"rendered":"<p style=\"text-align: justify;\">Albert Pike, Soberano Grande Comendador do Supremo Conselho para a Jurisdi\u00e7\u00e3o Meridional dos Estados Unidos da Am\u00e9rica e um dos mais importantes eruditos desta misteriosa Institui\u00e7\u00e3o, traz a definitiva vers\u00e3o para os Graus Simb\u00f3licos do Rito Escoc\u00eas Antigo e Aceito atrav\u00e9s do desenvolvimento de textos esplendorosos, recheados de significa\u00e7\u00f5es, completado por explana\u00e7\u00f5es filos\u00f3ficas e simb\u00f3licas.<\/p>\n<p style=\"text-align: justify;\">&#8220;O P\u00f3rtico e a C\u00e2mara do Meio&#8221; traduzida para a L\u00edngua Portuguesa pela primeira vez pretende preencher uma lacuna existente entre os textos e obras a respeito do Rito Escoc\u00eas Antigo e Aceito: o pouco, ou melhor, o inexistente acesso dos Ma\u00e7ons brasileiros \u00e0s obras originais a respeito de um dos mais importante Ritos existentes, principalmente \u00e0quelas elaboradas por um dos maiores te\u00f3ricos e historiadores do Rito Escoc\u00eas Antigo e Aceito e da Franco-Ma\u00e7onaria, Albert Pike, Soberano Grande Comendador do Supremo Conselho dos 33 Graus do Rito Escoc\u00eas Antigo e Aceito da Jurisdi\u00e7\u00e3o Meridional dos Estados Unidos da Am\u00e9rica.<\/p>\n<p style=\"text-align: justify;\">Pike, nesta tarefa herc\u00falea a que se prop\u00f4s, fortaleceu os ensinamentos do Rito Escoc\u00eas Antigo e Aceito, expurgando todo o sectarismo e adversidade pol\u00edtica do conte\u00fado dos Rituais, estabelecendo uma rota de desenvolvimento intelectual, o que colocou o Supremo Conselho da Jurisdi\u00e7\u00e3o Meridional na posi\u00e7\u00e3o de mais influente e atuante de todo o mundo. Ele engrandeceu o conte\u00fado das Instru\u00e7\u00f5es aos diversos Graus com um amplo conhecimento das culturas antigas, fundamentando e comprovando o que antes era apenas percept\u00edvel nos antigos rituais ma\u00e7\u00f4nicos.<\/p>\n","protected":false},"excerpt":{"rendered":"<p>AUTOR: <a title=\"Albert Pike \u2013 (1809-1891)\" href=\"https:\/\/editoralandmark.com.br\/v2.0\/2022\/01\/22\/albert-pike-1809-1891\/\" target=\"_blank\" rel=\"noopener\">ALBERT PIKE<\/a><br \/>\nTRADU\u00c7\u00c3O E NOTAS: F\u00c1BIO PEDRO-CYRINO<br \/>\nADAPTA\u00c7\u00c3O:\u00a0***************<br \/>\nILUSTRADOR:\u00a0***************<br \/>\nIDIOMA: PORTUGU\u00caS<br \/>\nLAN\u00c7AMENTO:\u00a004\/2021<br \/>\nACABAMENTO: EPUB<br \/>\nFORMATO:\u00a016CM X 23CM<br \/>\nP\u00c1GINAS: 192<br \/>\nPESO: 310 G<br \/>\nISBN: 9788588781405<\/p>\n","protected":false},"featured_media":483,"template":"","meta":[],"product_brand":[],"product_cat":[22,33,34],"product_tag":[64],"class_list":{"0":"post-481","1":"product","2":"type-product","3":"status-publish","4":"has-post-thumbnail","6":"product_cat-ensaios","7":"product_cat-livro-digital","8":"product_cat-nao-ficcao","9":"product_tag-livros","10":"product_shipping_class-correios","11":"description-off","13":"first","14":"instock","15":"virtual","16":"purchasable","17":"product-type-simple"},"aioseo_notices":[],"_links":{"self":[{"href":"https:\/\/editoralandmark.com.br\/v2.0\/wp-json\/wp\/v2\/product\/481","targetHints":{"allow":["GET"]}}],"collection":[{"href":"https:\/\/editoralandmark.com.br\/v2.0\/wp-json\/wp\/v2\/product"}],"about":[{"href":"https:\/\/editoralandmark.com.br\/v2.0\/wp-json\/wp\/v2\/types\/product"}],"wp:featuredmedia":[{"embeddable":true,"href":"https:\/\/editoralandmark.com.br\/v2.0\/wp-json\/wp\/v2\/media\/483"}],"wp:attachment":[{"href":"https:\/\/editoralandmark.com.br\/v2.0\/wp-json\/wp\/v2\/media?parent=481"}],"wp:term":[{"taxonomy":"product_brand","embeddable":true,"href":"https:\/\/editoralandmark.com.br\/v2.0\/wp-json\/wp\/v2\/product_brand?post=481"},{"taxonomy":"product_cat","embeddable":true,"href":"https:\/\/editoralandmark.com.br\/v2.0\/wp-json\/wp\/v2\/product_cat?post=481"},{"taxonomy":"product_tag","embeddable":true,"href":"https:\/\/editoralandmark.com.br\/v2.0\/wp-json\/wp\/v2\/product_tag?post=481"}],"curies":[{"name":"wp","href":"https:\/\/api.w.org\/{rel}","templated":true}]}}