{"id":485,"date":"2007-03-20T16:28:21","date_gmt":"2007-03-20T19:28:21","guid":{"rendered":"https:\/\/editoralandmark.com.br\/v2.0\/?post_type=product&#038;p=485"},"modified":"2024-03-27T14:42:22","modified_gmt":"2024-03-27T17:42:22","slug":"a-acao-secreta-da-maconaria-na-politica-mundial","status":"publish","type":"product","link":"https:\/\/editoralandmark.com.br\/v2.0\/produto\/a-acao-secreta-da-maconaria-na-politica-mundial\/","title":{"rendered":"A A\u00c7\u00c3O SECRETA DA MA\u00c7ONARIA NA POL\u00cdTICA MUNDIAL"},"content":{"rendered":"<p>Antes de ser uma obra voltada apenas para os membros da Ma\u00e7onaria, &#8220;A A\u00e7\u00e3o Secreta da Ma\u00e7onaria na Pol\u00edtica Mundial&#8221; volta-se para a demonstra\u00e7\u00e3o do papel desta Ordem Secreta durante os mais importantes acontecimentos pol\u00edticos e sociais da Hist\u00f3ria do Mundo e do Brasil. Com farta documenta\u00e7\u00e3o e apresentando textos hist\u00f3ricos imprescind\u00edveis, elaborados pelos Ma\u00e7ons e pela Institui\u00e7\u00e3o, esta obra pretende desmistificar a falsa ideia de ordem religiosa, atrav\u00e9s da demonstra\u00e7\u00e3o da preocupa\u00e7\u00e3o com os ideais de Liberdade, Igualdade e Fraternidade.<\/p>\n<p>Castellani demonstra atrav\u00e9s de tr\u00eas partes fundamentais o desenvolvimento e a interliga\u00e7\u00e3o entre os principais fatos da Humanidade e o pensamento ma\u00e7\u00f4nico que levaram a suas concretiza\u00e7\u00e3o. Iniciando por uma breve introdu\u00e7\u00e3o sobre as Origens Hist\u00f3ricas da Ma\u00e7onaria Moderna, o autor analisa a atua\u00e7\u00e3o da Ma\u00e7onaria nas A\u00e7\u00f5es Pol\u00edticas Europeias, do s\u00e9culo XVII e aos acontecimentos do s\u00e9culo XX; nas Pol\u00edticas Americanas, salientando a funda\u00e7\u00e3o e a forma\u00e7\u00e3o dos estados independentes, como a liberta\u00e7\u00e3o das Col\u00f4nias Espanholas e a funda\u00e7\u00e3o dos Estados Unidos da Am\u00e9rica; e na Pol\u00edtica Brasileira, demonstrando os prim\u00f3rdios da Ma\u00e7onaria Brasileira e analisando a atua\u00e7\u00e3o na forma\u00e7\u00e3o do Estado Brasileiro, atravessando os per\u00edodos colonial, imperial e republicano, da Conjura\u00e7\u00e3o Mineira e Revolu\u00e7\u00e3o Pernambucana, passando pelos Movimentos de Independ\u00eancia e Republicanos e os acontecimentos da Rep\u00fablica Brasileira.<\/p>\n<p>Mais do que um livro sobre a Ma\u00e7onaria, &#8220;A A\u00e7\u00e3o Secreta da Ma\u00e7onaria na Pol\u00edtica Mundial&#8221; apresenta-se como uma excelente fonte de consulta sobre a Hist\u00f3ria Brasileira e Mundial com a apresenta\u00e7\u00e3o dos principais manifestos e documentos que contribu\u00edram para a forma\u00e7\u00e3o do pensamento pol\u00edtico moderno.<\/p>\n","protected":false},"excerpt":{"rendered":"<p>AUTOR: <a href=\"https:\/\/editoralandmark.com.br\/v2.0\/2022\/02\/20\/jose-castellani-1937-2004\/\">JOS\u00c9 CASTELLANI<\/a><br \/>\nTRADU\u00c7\u00c3O E NOTAS: ***************<br \/>\nADAPTA\u00c7\u00c3O: ***************<br \/>\nILUSTRADOR:\u00a0***************<br \/>\nIDIOMA: PORTUGU\u00caS<br \/>\nLAN\u00c7AMENTO: 04\/2003<br \/>\nACABAMENTO: BROCHURA<br \/>\nFORMATO:\u00a016CM X 23CM<br \/>\nP\u00c1GINAS: 176<br \/>\nPESO: 232 G<br \/>\nISBN: 9788588781313<br \/>\nISBN \u2013 DIGITAL: 9788588781849<\/p>\n","protected":false},"featured_media":486,"template":"","meta":[],"product_brand":[],"product_cat":[22,34],"product_tag":[64],"class_list":{"0":"post-485","1":"product","2":"type-product","3":"status-publish","4":"has-post-thumbnail","6":"product_cat-ensaios","7":"product_cat-nao-ficcao","8":"product_tag-livros","9":"product_shipping_class-correios","10":"description-off","12":"first","13":"outofstock","14":"shipping-taxable","15":"product-type-simple"},"aioseo_notices":[],"_links":{"self":[{"href":"https:\/\/editoralandmark.com.br\/v2.0\/wp-json\/wp\/v2\/product\/485","targetHints":{"allow":["GET"]}}],"collection":[{"href":"https:\/\/editoralandmark.com.br\/v2.0\/wp-json\/wp\/v2\/product"}],"about":[{"href":"https:\/\/editoralandmark.com.br\/v2.0\/wp-json\/wp\/v2\/types\/product"}],"wp:featuredmedia":[{"embeddable":true,"href":"https:\/\/editoralandmark.com.br\/v2.0\/wp-json\/wp\/v2\/media\/486"}],"wp:attachment":[{"href":"https:\/\/editoralandmark.com.br\/v2.0\/wp-json\/wp\/v2\/media?parent=485"}],"wp:term":[{"taxonomy":"product_brand","embeddable":true,"href":"https:\/\/editoralandmark.com.br\/v2.0\/wp-json\/wp\/v2\/product_brand?post=485"},{"taxonomy":"product_cat","embeddable":true,"href":"https:\/\/editoralandmark.com.br\/v2.0\/wp-json\/wp\/v2\/product_cat?post=485"},{"taxonomy":"product_tag","embeddable":true,"href":"https:\/\/editoralandmark.com.br\/v2.0\/wp-json\/wp\/v2\/product_tag?post=485"}],"curies":[{"name":"wp","href":"https:\/\/api.w.org\/{rel}","templated":true}]}}