{"id":487,"date":"2010-11-20T16:30:15","date_gmt":"2010-11-20T18:30:15","guid":{"rendered":"https:\/\/editoralandmark.com.br\/v2.0\/?post_type=product&#038;p=487"},"modified":"2024-03-27T14:42:20","modified_gmt":"2024-03-27T17:42:20","slug":"as-origens-historicas-da-mistica-maconica","status":"publish","type":"product","link":"https:\/\/editoralandmark.com.br\/v2.0\/produto\/as-origens-historicas-da-mistica-maconica\/","title":{"rendered":"AS ORIGENS HIST\u00d3RICAS DA M\u00cdSTICA MA\u00c7\u00d4NICA"},"content":{"rendered":"<p>A \u00edntima rela\u00e7\u00e3o entre a Ma\u00e7onaria e o Misticismos atrav\u00e9s da an\u00e1lise precisa e correta de suas origens.<\/p>\n<p>O misticismo em uma \u00faltima an\u00e1lise \u00e9 um conjunto de atos e disposi\u00e7\u00f5es, cujo escopo \u00e9 a comunh\u00e3o com a divindade, considerada como o esp\u00edrito criador e regulador de tudo o que no mundo existe. Para atingir essa finalidade \u00e9 armado um complexo sistema especulativo que procura compreender os atributos, procurando a uni\u00e3o \u00edntima com a divindade e buscando a concretiza\u00e7\u00e3o do Um Absoluto ou do ente \u00danico, supremo e onipotente.\u00a0Embora a Ma\u00e7onaria n\u00e3o seja uma religi\u00e3o e nem seja uma ordem m\u00edstica, ela utiliza em seus rituais e cerim\u00f4nias, em sua simbologia e em sua estrutura filos\u00f3fica e doutrin\u00e1ria, os padr\u00f5es m\u00edsticos de diversas civiliza\u00e7\u00f5es antigas, relativos \u00e0s religi\u00f5es e \u00e0s ordens inici\u00e1ticas de cunho religioso daquelas que representaram o alvorecer das civiliza\u00e7\u00f5es modernas.\u00a0Para se ter ideia de como todas essas ci\u00eancias especulativas, ou ramos filos\u00f3ficos, chegaram \u00e0 Ma\u00e7onaria \u00e9 necess\u00e1rio que se analise o Misticismo existente de diversas civiliza\u00e7\u00f5es e sistemas religiosos, percorrendo desde a Antiguidade, analisando-se as cren\u00e7as religiosas dos povos da Humanidade e o Misticismo medieval hebraico, \u00e1rabe e europeu.<\/p>\n<p>Jos\u00e9 Castellani apresenta em &#8220;As Origens Hist\u00f3ricas da M\u00edstica Ma\u00e7\u00f4nica&#8221; a rela\u00e7\u00e3o entre o Misticismo, de maneira geral e a Ma\u00e7onaria, em particular, atrav\u00e9s da \u00edntima rela\u00e7\u00e3o com a Metaf\u00edsica, com a Mitologia, com a Teologia, com a Teosofia, com as Religi\u00f5es e com a Astrologia.<\/p>\n","protected":false},"excerpt":{"rendered":"<p>AUTOR: <a title=\"Jos\u00e9 Castellani \u2013 (1937-2004)\" href=\"https:\/\/editoralandmark.com.br\/v2.0\/2022\/01\/22\/jose-castellani-1937-2004\/\" target=\"_blank\" rel=\"noopener\">JOS\u00c9 CASTELLANI<\/a><br \/>\nTRADU\u00c7\u00c3O E NOTAS:\u00a0***************<br \/>\nADAPTA\u00c7\u00c3O:\u00a0***************<br \/>\nILUSTRADOR:\u00a0***************<br \/>\nIDIOMA:\u00a0PORTUGU\u00caS-INGL\u00caS<br \/>\nLAN\u00c7AMENTO:\u00a004\/2021<br \/>\nACABAMENTO:\u00a0CAPA DURA<br \/>\nFORMATO: 14CM X 21CM<br \/>\nP\u00c1GINAS: 160<br \/>\nPESO: 210 G<br \/>\nISBN: 9788588781092<\/p>\n","protected":false},"featured_media":488,"template":"","meta":[],"product_brand":[],"product_cat":[22,34],"product_tag":[64],"class_list":{"0":"post-487","1":"product","2":"type-product","3":"status-publish","4":"has-post-thumbnail","6":"product_cat-ensaios","7":"product_cat-nao-ficcao","8":"product_tag-livros","9":"product_shipping_class-correios","10":"description-off","12":"first","13":"outofstock","14":"shipping-taxable","15":"product-type-simple"},"aioseo_notices":[],"_links":{"self":[{"href":"https:\/\/editoralandmark.com.br\/v2.0\/wp-json\/wp\/v2\/product\/487","targetHints":{"allow":["GET"]}}],"collection":[{"href":"https:\/\/editoralandmark.com.br\/v2.0\/wp-json\/wp\/v2\/product"}],"about":[{"href":"https:\/\/editoralandmark.com.br\/v2.0\/wp-json\/wp\/v2\/types\/product"}],"wp:featuredmedia":[{"embeddable":true,"href":"https:\/\/editoralandmark.com.br\/v2.0\/wp-json\/wp\/v2\/media\/488"}],"wp:attachment":[{"href":"https:\/\/editoralandmark.com.br\/v2.0\/wp-json\/wp\/v2\/media?parent=487"}],"wp:term":[{"taxonomy":"product_brand","embeddable":true,"href":"https:\/\/editoralandmark.com.br\/v2.0\/wp-json\/wp\/v2\/product_brand?post=487"},{"taxonomy":"product_cat","embeddable":true,"href":"https:\/\/editoralandmark.com.br\/v2.0\/wp-json\/wp\/v2\/product_cat?post=487"},{"taxonomy":"product_tag","embeddable":true,"href":"https:\/\/editoralandmark.com.br\/v2.0\/wp-json\/wp\/v2\/product_tag?post=487"}],"curies":[{"name":"wp","href":"https:\/\/api.w.org\/{rel}","templated":true}]}}